{"id":16648,"date":"2024-04-18T13:55:25","date_gmt":"2024-04-18T16:55:25","guid":{"rendered":"http:\/\/www.liesv.com.br\/site\/?page_id=16648"},"modified":"2024-04-18T13:55:25","modified_gmt":"2024-04-18T16:55:25","slug":"institucional","status":"publish","type":"page","link":"https:\/\/www.liesv.com.br\/site\/institucional\/","title":{"rendered":"Institucional"},"content":{"rendered":"<div id=\"pl-16648\"  class=\"panel-layout\" ><div id=\"pg-16648-0\"  class=\"panel-grid panel-no-style\" ><div id=\"pgc-16648-0-0\"  class=\"panel-grid-cell panel-grid-cell-empty\" ><\/div><\/div><div id=\"pg-16648-1\"  class=\"panel-grid panel-no-style\" ><div id=\"pgc-16648-1-0\"  class=\"panel-grid-cell\" ><div id=\"panel-16648-1-0-0\" class=\"so-panel widget widget_sow-editor panel-first-child\" data-index=\"0\" ><div\n\t\t\t\n\t\t\tclass=\"so-widget-sow-editor so-widget-sow-editor-base\"\n\t\t\t\n\t\t>\n<div class=\"siteorigin-widget-tinymce textwidget\">\n\t<h2 style=\"text-align: center;\"><b>Carnaval Virtual<\/b><\/h2>\n<h3 style=\"text-align: center;\"><b>LIGA INDEPENDENTE DAS ESCOLAS DE SAMBA VIRTUAIS<\/b><\/h3>\n<h3 style=\"text-align: center;\"><b>INSTITUCIONAL - NOTAS OFICIAIS\n<\/b><\/h3><\/div>\n<\/div><\/div><div id=\"panel-16648-1-0-1\" class=\"so-panel widget widget_sow-editor panel-last-child\" data-index=\"1\" ><div\n\t\t\t\n\t\t\tclass=\"so-widget-sow-editor so-widget-sow-editor-base\"\n\t\t\t\n\t\t>\n<div class=\"siteorigin-widget-tinymce textwidget\">\n\t<p style=\"text-align: center;\"><strong>LIGA INDEPENDENTE DAS ESCOLAS DE SAMBA VIRTUAIS<\/strong><\/p>\n<p style=\"text-align: center;\"><strong>INSTITUCIONAL - NOTAS OFICIAIS<\/strong><\/p>\n<p>&nbsp;<\/p>\n<p>\u00daltima atualiza\u00e7\u00e3o: 18\/04\/2024<\/p>\n<p>&nbsp;<\/p>\n<ul>\n<li><a href=\"https:\/\/drive.google.com\/file\/d\/1cWD9CGoiMF3jJ8-mp5PbiwwP7MmjuRNe\/view?usp=drive_link\">Nota Oficial - Reforma Estatut\u00e1ria - 07\/04\/2024<\/a><\/li>\n<\/ul>\n<\/div>\n<\/div><\/div><\/div><\/div><\/div>","protected":false},"excerpt":{"rendered":"<p>Carnaval Virtual LIGA INDEPENDENTE DAS ESCOLAS DE SAMBA VIRTUAIS INSTITUCIONAL &#8211; NOTAS OFICIAIS LIGA INDEPENDENTE DAS ESCOLAS DE SAMBA VIRTUAIS INSTITUCIONAL &#8211; NOTAS OFICIAIS &nbsp;&hellip;<\/p>\n","protected":false},"author":78,"featured_media":0,"parent":0,"menu_order":0,"comment_status":"closed","ping_status":"closed","template":"","meta":{"footnotes":""},"_links":{"self":[{"href":"https:\/\/www.liesv.com.br\/site\/wp-json\/wp\/v2\/pages\/16648"}],"collection":[{"href":"https:\/\/www.liesv.com.br\/site\/wp-json\/wp\/v2\/pages"}],"about":[{"href":"https:\/\/www.liesv.com.br\/site\/wp-json\/wp\/v2\/types\/page"}],"author":[{"embeddable":true,"href":"https:\/\/www.liesv.com.br\/site\/wp-json\/wp\/v2\/users\/78"}],"replies":[{"embeddable":true,"href":"https:\/\/www.liesv.com.br\/site\/wp-json\/wp\/v2\/comments?post=16648"}],"version-history":[{"count":1,"href":"https:\/\/www.liesv.com.br\/site\/wp-json\/wp\/v2\/pages\/16648\/revisions"}],"predecessor-version":[{"id":16649,"href":"https:\/\/www.liesv.com.br\/site\/wp-json\/wp\/v2\/pages\/16648\/revisions\/16649"}],"wp:attachment":[{"href":"https:\/\/www.liesv.com.br\/site\/wp-json\/wp\/v2\/media?parent=16648"}],"curies":[{"name":"wp","href":"https:\/\/api.w.org\/{rel}","templated":true}]}}