{"id":225,"date":"2003-11-16T15:57:22","date_gmt":"2003-11-16T18:57:22","guid":{"rendered":"http:\/\/liesv.com.br\/site\/?page_id=225"},"modified":"2021-04-18T17:28:19","modified_gmt":"2021-04-18T20:28:19","slug":"estrutura-administrativa","status":"publish","type":"page","link":"https:\/\/www.liesv.com.br\/site\/carnaval-virtual\/institucional\/estrutura-administrativa\/","title":{"rendered":"Estrutura Administrativa | Carnaval Virtual | LIESV"},"content":{"rendered":"<p>A<strong> LIESV &#8211; Liga Independente das Escolas de Samba Virtuais<\/strong>, \u00e9 formada pelas escolas filiadas e tem sua estrutura administrativa formada por diversos \u00f3rg\u00e3os, cada um com uma atribui\u00e7\u00e3o determinada pelo <strong>Estatuto da LIESV<\/strong>.<\/p>\n<p>Esta estrutura foi criada para garantir que as escolas tenham poder de decidir tudo sobre a LIESV. Na LIESV, n\u00e3o \u00e9 o presidente quem manda \u2013 ele \u00e9 quase um \u201cfuncion\u00e1rio\u201d das escolas, representadas pelos seus pr\u00f3prios presidentes. Por isso, \u00e9 muito importante que os presidentes entendam como funciona juridicamente a LIESV.<\/p>\n<p>&nbsp;<\/p>\n<p>A LIESV possui os seguintes \u00f3rg\u00e3os:<\/p>\n<p><strong>Conselho de Administra\u00e7\u00e3o<\/strong> \u2013 Formado pelos presidentes das agremia\u00e7\u00f5es, o \u00f3rg\u00e3o de maior poder da LIESV. O C.A. cria as normas que ser\u00e3o cumpridas pelas escolas da liga. Quando uma escola deseja fazer uma sugest\u00e3o ou mudar o regulamento em algum aspecto manda a proposta para a Diretoria Jur\u00eddica, que organiza a pauta das reuni\u00f5es. Nestas reuni\u00f5es, os membros do Conselho Administrativo definem se a sugest\u00e3o entrar\u00e1 em vigor.<\/p>\n<p><strong>Diretoria Jur\u00eddica<\/strong> \u2013 \u00c9 o \u00f3rg\u00e3o respons\u00e1vel pelo fiel cumprimento do regulamento. Al\u00e9m disso, \u00e9 respons\u00e1vel pelas quest\u00f5es disciplinares e faz os esclarecimentos quanto a aspectos do regulamento que os presidentes das escolas tenham d\u00favidas. N\u00e3o tem qualquer poder dire\u00e7\u00e3o sobre os caminhos da LIESV.<\/p>\n<p><strong>Presid\u00eancia e Vice-Presid\u00eancia<\/strong> \u2013 O presidente da LIESV coloca em pr\u00e1tica o que foi decidido pelas escolas no Conselho de Administra\u00e7\u00e3o. Al\u00e9m disso, \u00e9 respons\u00e1vel pelas estrat\u00e9gias de marketing da Liga e decide quem ser\u00e1 o presidente, que o substituir\u00e1 na sua aus\u00eancia. O vice, al\u00e9m de substituir o presidente, \u00e9 membro da jur\u00eddica para garantir a comunica\u00e7\u00e3o entre os \u00f3rg\u00e3o de execu\u00e7\u00e3o do regulamento (Presid\u00eancia) e de fiscaliza\u00e7\u00e3o.<\/p>\n<p><strong>Conselho de Avalia\u00e7\u00e3o das Novas Escolas de Samba Virtuais (CAESV)<\/strong> \u2013 \u00e9 o \u00f3rg\u00e3o respons\u00e1vel pelo concurso de sele\u00e7\u00e3o das escolas que far\u00e3o parte da LIESV. \u00c9 formado por um Diretor Geral &#8211; que tem as fun\u00e7\u00f5es de elabora\u00e7\u00e3o do regulamento (em colabora\u00e7\u00e3o com a Diretoria Jur\u00eddica) e fiscaliza\u00e7\u00e3o do cumprimento, e os Diretores Auxiliares, respons\u00e1veis pelas demais tarefas necess\u00e1rias para a realiza\u00e7\u00e3o da sele\u00e7\u00e3o das novas filiadas \u00e0 LIESV.<\/p>\n<p>&nbsp;<\/p>\n<p>Confira o organograma com a estrutura administrativa da Liga Independente das Escolas de Sambas Virtuais, que demonstra claramente a supremacia do Conselho de Administra\u00e7\u00e3o, formado pelos presidentes das escolas de samba virtuais filiadas \u00e0 liga, prova maior da democracia que foi instalada ap\u00f3s o advento do Estatuto:<\/p>\n<p>&nbsp;<\/p>\n<p><a href=\"http:\/\/liesv.com.br\/site\/wp-content\/uploads\/2015\/11\/organograma.jpg\"><img loading=\"lazy\" decoding=\"async\" class=\"aligncenter size-full wp-image-226\" src=\"http:\/\/liesv.com.br\/site\/wp-content\/uploads\/2015\/11\/organograma.jpg\" alt=\"organograma\" width=\"400\" height=\"283\" srcset=\"https:\/\/www.liesv.com.br\/site\/wp-content\/uploads\/2015\/11\/organograma.jpg 400w, https:\/\/www.liesv.com.br\/site\/wp-content\/uploads\/2015\/11\/organograma-300x212.jpg 300w\" sizes=\"(max-width: 400px) 100vw, 400px\" \/><\/a><\/p>\n","protected":false},"excerpt":{"rendered":"<p>A LIESV &#8211; Liga Independente das Escolas de Samba Virtuais, \u00e9 formada pelas escolas filiadas e tem sua estrutura administrativa formada por diversos \u00f3rg\u00e3os, cada&hellip;<\/p>\n","protected":false},"author":1,"featured_media":0,"parent":8933,"menu_order":0,"comment_status":"closed","ping_status":"closed","template":"","meta":{"footnotes":""},"_links":{"self":[{"href":"https:\/\/www.liesv.com.br\/site\/wp-json\/wp\/v2\/pages\/225"}],"collection":[{"href":"https:\/\/www.liesv.com.br\/site\/wp-json\/wp\/v2\/pages"}],"about":[{"href":"https:\/\/www.liesv.com.br\/site\/wp-json\/wp\/v2\/types\/page"}],"author":[{"embeddable":true,"href":"https:\/\/www.liesv.com.br\/site\/wp-json\/wp\/v2\/users\/1"}],"replies":[{"embeddable":true,"href":"https:\/\/www.liesv.com.br\/site\/wp-json\/wp\/v2\/comments?post=225"}],"version-history":[{"count":4,"href":"https:\/\/www.liesv.com.br\/site\/wp-json\/wp\/v2\/pages\/225\/revisions"}],"predecessor-version":[{"id":8946,"href":"https:\/\/www.liesv.com.br\/site\/wp-json\/wp\/v2\/pages\/225\/revisions\/8946"}],"up":[{"embeddable":true,"href":"https:\/\/www.liesv.com.br\/site\/wp-json\/wp\/v2\/pages\/8933"}],"wp:attachment":[{"href":"https:\/\/www.liesv.com.br\/site\/wp-json\/wp\/v2\/media?parent=225"}],"curies":[{"name":"wp","href":"https:\/\/api.w.org\/{rel}","templated":true}]}}