{"id":3369,"date":"2018-11-16T17:49:38","date_gmt":"2018-11-16T20:49:38","guid":{"rendered":"http:\/\/liesv.com.br\/site\/?page_id=3369"},"modified":"2018-11-16T17:49:38","modified_gmt":"2018-11-16T20:49:38","slug":"acervo","status":"publish","type":"page","link":"https:\/\/www.liesv.com.br\/site\/acervo\/","title":{"rendered":"Acervo"},"content":{"rendered":"<div id=\"pl-3369\"  class=\"panel-layout\" ><div id=\"pg-3369-0\"  class=\"panel-grid panel-has-style\" ><div class=\"panel-row-style panel-row-style-for-3369-0\" ><div id=\"pgc-3369-0-0\"  class=\"panel-grid-cell\" ><div id=\"panel-3369-0-0-0\" class=\"so-panel widget widget_sow-image panel-first-child panel-last-child\" data-index=\"0\" ><div class=\"panel-widget-style panel-widget-style-for-3369-0-0-0\" ><div\n\t\t\t\n\t\t\tclass=\"so-widget-sow-image so-widget-sow-image-default-8b5b6f678277-3369\"\n\t\t\t\n\t\t>\n<div class=\"sow-image-container\">\n\t\t\t<a href=\"http:\/\/liesv.com.br\/site\/discografia\/\"\n\t\t\t\t\t>\n\t\t\t<img \n\tsrc=\"https:\/\/www.liesv.com.br\/site\/wp-content\/uploads\/2015\/11\/disco1.gif\" width=\"450\" height=\"322\" sizes=\"(max-width: 450px) 100vw, 450px\" alt=\"\" \t\tclass=\"so-widget-image\"\/>\n\t\t\t<\/a><\/div>\n\n<\/div><\/div><\/div><\/div><div id=\"pgc-3369-0-1\"  class=\"panel-grid-cell\" ><div id=\"panel-3369-0-1-0\" class=\"so-panel widget widget_sow-editor panel-first-child panel-last-child\" data-index=\"1\" ><div class=\"panel-widget-style panel-widget-style-for-3369-0-1-0\" ><div\n\t\t\t\n\t\t\tclass=\"so-widget-sow-editor so-widget-sow-editor-base\"\n\t\t\t\n\t\t>\n<div class=\"siteorigin-widget-tinymce textwidget\">\n\t<p>A Discografia LIESV, compreende todas produ\u00e7\u00f5es musicais realizadas pela liga e seus compositores. Temos uma estimativa de 35 a 40 sambas produzidos anualmente nos grupos Especial, Acesso e na CAESV, e est\u00e3o \u00e0 sua disposi\u00e7\u00e3o aqui neste espa\u00e7o. Al\u00e9m disso, contamos com algumas s\u00e9ries especiais, como os discos \u201cDo Virtual ao Real\u201d, que cont\u00e9m alguns dos sambas concorrentes e vencedores em escolas reais por todo pa\u00eds, onde os autores, em sua totalidade ou parte, fazem parte da LIESV.<\/p>\n<p>\u00c9 um acervo riqu\u00edssimo que estamos dividindo com voc\u00ea de forma inteiramente gratuita valorizando a produ\u00e7\u00e3o e difus\u00e3o da cultura carnavalesca em geral, com foco na produ\u00e7\u00e3o virtual.<\/p>\n<\/div>\n<\/div><\/div><\/div><\/div><\/div><\/div><div id=\"pg-3369-1\"  class=\"panel-grid panel-has-style\" ><div class=\"panel-row-style panel-row-style-for-3369-1\" ><div id=\"pgc-3369-1-0\"  class=\"panel-grid-cell\" ><div id=\"panel-3369-1-0-0\" class=\"so-panel widget widget_sow-image panel-first-child panel-last-child\" data-index=\"2\" ><div class=\"panel-widget-style panel-widget-style-for-3369-1-0-0\" ><div\n\t\t\t\n\t\t\tclass=\"so-widget-sow-image so-widget-sow-image-default-8b5b6f678277-3369\"\n\t\t\t\n\t\t>\n<div class=\"sow-image-container\">\n\t\t\t<a href=\"http:\/\/museu.liesv.com.br\/home\/\"\n\t\t\t\t\t>\n\t\t\t<img \n\tsrc=\"https:\/\/www.liesv.com.br\/site\/wp-content\/uploads\/2018\/11\/museu-768x576.png\" width=\"768\" height=\"576\" srcset=\"https:\/\/www.liesv.com.br\/site\/wp-content\/uploads\/2018\/11\/museu-768x576.png 768w, https:\/\/www.liesv.com.br\/site\/wp-content\/uploads\/2018\/11\/museu-768x576-300x225.png 300w, https:\/\/www.liesv.com.br\/site\/wp-content\/uploads\/2018\/11\/museu-768x576-100x75.png 100w\" sizes=\"(max-width: 768px) 100vw, 768px\" title=\"museu-768&#215;576\" alt=\"\" \t\tclass=\"so-widget-image\"\/>\n\t\t\t<\/a><\/div>\n\n<\/div><\/div><\/div><\/div><div id=\"pgc-3369-1-1\"  class=\"panel-grid-cell\" ><div id=\"panel-3369-1-1-0\" class=\"so-panel widget widget_sow-editor panel-first-child panel-last-child\" data-index=\"3\" ><div class=\"panel-widget-style panel-widget-style-for-3369-1-1-0\" ><div\n\t\t\t\n\t\t\tclass=\"so-widget-sow-editor so-widget-sow-editor-base\"\n\t\t\t\n\t\t>\n<div class=\"siteorigin-widget-tinymce textwidget\">\n\t<p>O Museu do Carnaval Virtual, desenvolvido pela LIESV tem como miss\u00e3o preservar a cultura e a arte desenvolvida ao longo dos anos de folia.<\/p>\n<p>O Museu est\u00e1 em constante atualiza\u00e7\u00e3o, atrav\u00e9s dele \u00e9 poss\u00edvel rever v\u00e1rias desfiles antigos e conhecer um pouco mais de toda a hist\u00f3ria do Carnaval Virtual.<\/p>\n<\/div>\n<\/div><\/div><\/div><\/div><\/div><\/div><\/div>","protected":false},"excerpt":{"rendered":"<p>A Discografia LIESV, compreende todas produ\u00e7\u00f5es musicais realizadas pela liga e seus compositores. Temos uma estimativa de 35 a 40 sambas produzidos anualmente nos grupos&hellip;<\/p>\n","protected":false},"author":4,"featured_media":0,"parent":0,"menu_order":0,"comment_status":"closed","ping_status":"closed","template":"","meta":{"footnotes":""},"_links":{"self":[{"href":"https:\/\/www.liesv.com.br\/site\/wp-json\/wp\/v2\/pages\/3369"}],"collection":[{"href":"https:\/\/www.liesv.com.br\/site\/wp-json\/wp\/v2\/pages"}],"about":[{"href":"https:\/\/www.liesv.com.br\/site\/wp-json\/wp\/v2\/types\/page"}],"author":[{"embeddable":true,"href":"https:\/\/www.liesv.com.br\/site\/wp-json\/wp\/v2\/users\/4"}],"replies":[{"embeddable":true,"href":"https:\/\/www.liesv.com.br\/site\/wp-json\/wp\/v2\/comments?post=3369"}],"version-history":[{"count":24,"href":"https:\/\/www.liesv.com.br\/site\/wp-json\/wp\/v2\/pages\/3369\/revisions"}],"predecessor-version":[{"id":3394,"href":"https:\/\/www.liesv.com.br\/site\/wp-json\/wp\/v2\/pages\/3369\/revisions\/3394"}],"wp:attachment":[{"href":"https:\/\/www.liesv.com.br\/site\/wp-json\/wp\/v2\/media?parent=3369"}],"curies":[{"name":"wp","href":"https:\/\/api.w.org\/{rel}","templated":true}]}}