{"id":6555,"date":"2003-11-15T13:00:47","date_gmt":"2003-11-15T16:00:47","guid":{"rendered":"http:\/\/www.liesv.com.br\/site\/?page_id=6555"},"modified":"2020-12-03T21:05:52","modified_gmt":"2020-12-04T00:05:52","slug":"ano-2003","status":"publish","type":"page","link":"https:\/\/www.liesv.com.br\/site\/carnaval-virtual\/carnavais\/ano-2003\/","title":{"rendered":"Carnaval Virtual 2003 &#8211; LIESV"},"content":{"rendered":"<div id=\"pl-6555\"  class=\"panel-layout\" ><div id=\"pg-6555-0\"  class=\"panel-grid panel-has-style\" ><div class=\"siteorigin-panels-stretch panel-row-style panel-row-style-for-6555-0\" data-stretch-type=\"full-stretched\" ><div id=\"pgc-6555-0-0\"  class=\"panel-grid-cell\" ><div id=\"panel-6555-0-0-0\" class=\"so-panel widget widget_sow-editor panel-first-child panel-last-child\" data-index=\"0\" ><div class=\"panel-widget-style panel-widget-style-for-6555-0-0-0\" ><div\n\t\t\t\n\t\t\tclass=\"so-widget-sow-editor so-widget-sow-editor-base\"\n\t\t\t\n\t\t>\n<div class=\"siteorigin-widget-tinymce textwidget\">\n\t<h2 style=\"text-align: center; color: #fff;\">CARNAVAL VIRTUAL 2003<\/h2>\n<\/div>\n<\/div><\/div><\/div><\/div><\/div><\/div><div id=\"pg-6555-1\"  class=\"panel-grid panel-has-style\" ><div class=\"siteorigin-panels-stretch panel-row-style panel-row-style-for-6555-1\" data-stretch-type=\"full-stretched\" ><div id=\"pgc-6555-1-0\"  class=\"panel-grid-cell panel-grid-cell-empty\" ><\/div><div id=\"pgc-6555-1-1\"  class=\"panel-grid-cell panel-grid-cell-empty panel-grid-cell-mobile-last\" ><\/div><div id=\"pgc-6555-1-2\"  class=\"panel-grid-cell panel-grid-cell-empty\" ><\/div><\/div><\/div><div id=\"pg-6555-2\"  class=\"panel-grid panel-has-style\" ><div class=\"siteorigin-panels-stretch panel-row-style panel-row-style-for-6555-2\" data-stretch-type=\"full-stretched\" ><div id=\"pgc-6555-2-0\"  class=\"panel-grid-cell\" ><div id=\"panel-6555-2-0-0\" class=\"so-panel widget widget_sow-editor panel-first-child panel-last-child\" data-index=\"1\" ><div class=\"panel-widget-style panel-widget-style-for-6555-2-0-0\" ><div\n\t\t\t\n\t\t\tclass=\"so-widget-sow-editor so-widget-sow-editor-base\"\n\t\t\t\n\t\t>\n<div class=\"siteorigin-widget-tinymce textwidget\">\n\t<h2>Grupo Especial<\/h2>\n<p>O <strong>primeiro carnaval virtual da hist\u00f3ria<\/strong>, realizado no ano de <strong>2003<\/strong> pela <strong>LIESV<\/strong> foi uma verdadeira batalha. Tanto para a organiza\u00e7\u00e3o do evento, quanto para a prepara\u00e7\u00e3o das escolas.<\/p>\n<p>Pelo fato de ser o primeiro ano, algumas escolas deixaram para aprontar o material visual poucos dias antes do desfile, ocasionando em contratempos, adiamentos e falta de esmero nos desenhos.<\/p>\n<p>Mas apesar de tudo isso ficou uma certeza e a LIESV pode se orgulhar de ter proporcionado um carnaval emocionante, pois devido a existirem tantos obst\u00e1culos a serem superados, os integrantes das escolas entraram com toda garra, defendendo seus pavilh\u00f5es e divulgando os seus trabalhos.<\/p>\n<p>Este carnaval com certeza plantou uma semente que ir\u00e1 colher muitos frutos no futuro.<\/p>\n<\/div>\n<\/div><\/div><\/div><\/div><\/div><\/div><div id=\"pg-6555-3\"  class=\"panel-grid panel-has-style\" ><div class=\"siteorigin-panels-stretch panel-row-style panel-row-style-for-6555-3\" data-stretch-type=\"full-stretched\" ><div id=\"pgc-6555-3-0\"  class=\"panel-grid-cell\" ><div id=\"panel-6555-3-0-0\" class=\"so-panel widget widget_sow-editor panel-first-child panel-last-child\" data-index=\"2\" ><div class=\"panel-widget-style panel-widget-style-for-6555-3-0-0\" ><div\n\t\t\t\n\t\t\tclass=\"so-widget-sow-editor so-widget-sow-editor-base\"\n\t\t\t\n\t\t>\n<div class=\"siteorigin-widget-tinymce textwidget\">\n\t<h2>Sobre os Desfiles<\/h2>\n<p>O desfile do carnaval virtual 2003 aconteceu em outubro e superou todas as expectativas. Al\u00e9m dos costumeiros frequentadores dos chats, onde aconteceram os desfiles, estiveram presentes importantes figuras do carnaval, prestigiando o trabalho de presidentes, int\u00e9rpretes, carnavalescos, figurinistas e da equipe da LIESV.<\/p>\n<p>A abertura ficou por conta da <strong>Unidos do Quebra Coco<\/strong>, que trouxe um enredo mostrando a hist\u00f3ria do Brasil, conectando os problemas que o Brasil enfrenta hoje com os males do passado. Os desenhos foram bem aceitos pelos espectadores, principalmente os da comiss\u00e3o de frente. O samba, apesar de ser alegre e ter um forte refr\u00e3o, n\u00e3o agradou o p\u00fablico. O enredo mostrou-se um pouco confuso. O grande destaque ficou por conta da criatividade das fantasias. N\u00e3o agradou os jurados e terminou na \u00faltima coloca\u00e7\u00e3o.<\/p>\n<p>Chegava a hora de uma das favoritas da noite, a <strong>Tradi\u00e7\u00e3o de Pilares<\/strong>. Trazendo elaborados desenhos, feitos pelo carnavalesco Jonner Alves, e com um empolgante e melodioso samba, composto por Imperial, a escola, que representa o bairro de Pilares, mostrou a hist\u00f3ria do guaran\u00e1. Da comiss\u00e3o de frente ao quinto carro, causou impacto a todos que assistiam \u00e0 bel\u00edssima apresenta\u00e7\u00e3o.<\/p>\n<p>Logo depois do furac\u00e3o Tradi\u00e7\u00e3o de Pilares, veio irreverente <strong>Beijilha do Graja\u00fa<\/strong>. A escola, que trouxe o enredo \u201cDo Graja\u00fa ao Catumbi, o Para\u00edso \u00e9 Aqui!\u201d, agitou a \u201carquibancada\u201d pela presen\u00e7a de uma \u201cmini-bateria\u201d no \u00e1udio ao vivo. O samba fazia refer\u00eancias \u00e0 \u2018eguinha-pocot\u00f3\u2019, que apesar de dentro do contexto do enredo, acabou gerando cr\u00edticas. As fantasias, belas e criativas, pecavam pelo uso acentuado do marrom. Mais do que pela t\u00e9cnica, a escola primou pelo alto-astral.<\/p>\n<p>Trazendo a claridade, a <strong>Colibris<\/strong>, quarta escola a desfilar, fez o grande desfile da noite, segundo a pesquisa popular. Com um samba apontado pelos espectadores como o melhor da safra 2003 e que se tornou um cl\u00e1ssico da LIESV, desenhos equilibrados e um enredo emocionante, a Colibris empolgou a todos, recebendo gritos de \u201c\u00e9 campe\u00e3\u201d. Destaque para Arthur Macedo, estreando como int\u00e9rprete.<\/p>\n<p>A quinta escola a desfilar foi a <strong>Imp\u00e9rio do Vale<\/strong>. Com um enredo que abordava a ditadura no Brasil, a agremia\u00e7\u00e3o fez um desfile t\u00e9cnico, extremamente equilibrado no aspecto visual. O samba, entretanto, por culpa do int\u00e9rprete, que n\u00e3o conseguiu passar emo\u00e7\u00e3o, n\u00e3o rendeu tudo o que poderia.<\/p>\n<p>Aguardada por todos, e detentora da maior torcida virtual, a <strong>Imperiais do Samba<\/strong> entrou na passarela com uma grande expectativa. Por\u00e9m, devido aos problemas com tempo na prepara\u00e7\u00e3o do barrac\u00e3o, a escola veio simples do ponto de vista visual, com excesso de fantasias utilizando penas de pav\u00e3o. Por\u00e9m, n\u00e3o deixou a desejar: com um enredo bem constru\u00eddo, sobre a cidade de Ouro Preto, e um \u00f3timo samba, composto por Guilherme Dourado, Estev\u00e3o Nunes e Victor, o desfile fluiu e terminou de forma brilhante a noite de desfiles.<\/p>\n<p>No final, quatro escolas lutavam pelo t\u00edtulo. A Colibris, apesar de ter emocionado o p\u00fablico, pecou muito no aspecto t\u00e9cnico e terminou em quarto. A Imperiais ficou com um digno terceiro lugar, considerado bom pela escola.<\/p>\n<p>A disputa ficou entre Tradi\u00e7\u00e3o de Pilares e Imp\u00e9rio do Vale, que brigaram ponto a ponto pelo t\u00edtulo. A Tradi\u00e7\u00e3o de Pilares acabou vencendo e se tornando a primeira campe\u00e3 da LIESV.<\/p>\n<p><strong>Valeu a pena inovar, criar\u2026Ser pioneiro! <\/strong><\/p>\n<p><strong>Foi a vit\u00f3ria da for\u00e7a de vontade e da alegria. <\/strong><\/p>\n<p><strong>Brincar sempre\u2026 <\/strong><\/p>\n<p><strong>A felicidade imperou nos desfiles e fincou os alicerces do Carnaval Virtual.<\/strong><\/p>\n<\/div>\n<\/div><\/div><\/div><\/div><div id=\"pgc-6555-3-1\"  class=\"panel-grid-cell\" ><div class=\"panel-cell-style panel-cell-style-for-6555-3-1\" ><div id=\"panel-6555-3-1-0\" class=\"so-panel widget widget_sow-image panel-first-child panel-last-child\" data-index=\"3\" ><div class=\"panel-widget-style panel-widget-style-for-6555-3-1-0\" ><div\n\t\t\t\n\t\t\tclass=\"so-widget-sow-image so-widget-sow-image-default-8b5b6f678277-6555\"\n\t\t\t\n\t\t>\n<div class=\"sow-image-container\">\n\t\t<img \n\tsrc=\"https:\/\/www.liesv.com.br\/site\/wp-content\/uploads\/2020\/10\/carnaval-virtual-liesv-2003-classificacao-especial.fw_.png\" width=\"1340\" height=\"1480\" srcset=\"https:\/\/www.liesv.com.br\/site\/wp-content\/uploads\/2020\/10\/carnaval-virtual-liesv-2003-classificacao-especial.fw_.png 1340w, https:\/\/www.liesv.com.br\/site\/wp-content\/uploads\/2020\/10\/carnaval-virtual-liesv-2003-classificacao-especial.fw_-272x300.png 272w, https:\/\/www.liesv.com.br\/site\/wp-content\/uploads\/2020\/10\/carnaval-virtual-liesv-2003-classificacao-especial.fw_-927x1024.png 927w, https:\/\/www.liesv.com.br\/site\/wp-content\/uploads\/2020\/10\/carnaval-virtual-liesv-2003-classificacao-especial.fw_-768x848.png 768w\" sizes=\"(max-width: 1340px) 100vw, 1340px\" title=\"carnaval-virtual-liesv-2003-classificacao-especial.fw\" alt=\"\" \t\tclass=\"so-widget-image\"\/>\n\t<\/div>\n\n<\/div><\/div><\/div><\/div><\/div><\/div><\/div><div id=\"pg-6555-4\"  class=\"panel-grid panel-has-style\" ><div class=\"siteorigin-panels-stretch panel-row-style panel-row-style-for-6555-4\" data-stretch-type=\"full-stretched\" ><div id=\"pgc-6555-4-0\"  class=\"panel-grid-cell\" ><div id=\"panel-6555-4-0-0\" class=\"so-panel widget widget_sow-editor panel-first-child panel-last-child\" data-index=\"4\" ><div class=\"panel-widget-style panel-widget-style-for-6555-4-0-0\" ><div\n\t\t\t\n\t\t\tclass=\"so-widget-sow-editor so-widget-sow-editor-base\"\n\t\t\t\n\t\t>\n<div class=\"siteorigin-widget-tinymce textwidget\">\n\t<h2 style=\"color:#fff;\">Conhe\u00e7a os Sambas de Enredo<\/h2>\n<\/div>\n<\/div><\/div><\/div><\/div><\/div><\/div><div id=\"pg-6555-5\"  class=\"panel-grid panel-has-style\" ><div class=\"panel-row-style panel-row-style-for-6555-5\" ><div id=\"pgc-6555-5-0\"  class=\"panel-grid-cell\" ><div id=\"panel-6555-5-0-0\" class=\"so-panel widget widget_sow-image panel-first-child panel-last-child\" data-index=\"5\" ><div class=\"panel-widget-style panel-widget-style-for-6555-5-0-0\" ><div\n\t\t\t\n\t\t\tclass=\"so-widget-sow-image so-widget-sow-image-default-8b5b6f678277-6555\"\n\t\t\t\n\t\t>\n<div class=\"sow-image-container\">\n\t\t<img \n\tsrc=\"https:\/\/www.liesv.com.br\/site\/wp-content\/uploads\/2020\/06\/Mockup-CD-Liesv.png\" width=\"1080\" height=\"1080\" srcset=\"https:\/\/www.liesv.com.br\/site\/wp-content\/uploads\/2020\/06\/Mockup-CD-Liesv.png 1080w, https:\/\/www.liesv.com.br\/site\/wp-content\/uploads\/2020\/06\/Mockup-CD-Liesv-300x300.png 300w, https:\/\/www.liesv.com.br\/site\/wp-content\/uploads\/2020\/06\/Mockup-CD-Liesv-1024x1024.png 1024w, https:\/\/www.liesv.com.br\/site\/wp-content\/uploads\/2020\/06\/Mockup-CD-Liesv-150x150.png 150w, https:\/\/www.liesv.com.br\/site\/wp-content\/uploads\/2020\/06\/Mockup-CD-Liesv-768x768.png 768w\" sizes=\"(max-width: 1080px) 100vw, 1080px\" title=\"Mockup CD Liesv\" alt=\"\" \t\tclass=\"so-widget-image\"\/>\n\t<\/div>\n\n<\/div><\/div><\/div><\/div><div id=\"pgc-6555-5-1\"  class=\"panel-grid-cell\" ><div class=\"panel-cell-style panel-cell-style-for-6555-5-1\" ><div id=\"panel-6555-5-1-0\" class=\"so-panel widget widget_sow-editor panel-first-child panel-last-child\" data-index=\"6\" ><div class=\"panel-widget-style panel-widget-style-for-6555-5-1-0\" ><div\n\t\t\t\n\t\t\tclass=\"so-widget-sow-editor so-widget-sow-editor-base\"\n\t\t\t\n\t\t>\n<div class=\"siteorigin-widget-tinymce textwidget\">\n\t<p>FOi lan\u00e7ado o CD com os sambas de enredo do Grupo Especial para o carnaval virtual 2020. Este CD conta com um encarte com as fichas t\u00e9cnicas das agremia\u00e7\u00f5es e as letras dos sambas.<\/p>\n<p>A capa do \u00e1lbum estampa a atual campe\u00e3 do Grupo Especial e primeira faixa do CD: a Para\u00edso da Folia. Na contracapa vem a Imperatriz Ludovicense, atual vice-campe\u00e3 e segunda faixa do CD. A ordem segue a classifica\u00e7\u00e3o do \u00faltimo Carnaval, que contou com a ascens\u00e3o de cinco agremia\u00e7\u00f5es do Grupo de Acesso A.<\/p>\n<p>O \u00e1lbum conta com a presen\u00e7a de grandes int\u00e9rpretes do Carnaval Real como Z\u00e9 Paulo Sierra, Leonardo Bessa, Igor Vianna, Emerson Dias, Ciganerey, dentre outros.<\/p>\n<p>Todos os sambas tamb\u00e9m j\u00e1 est\u00e3o dispon\u00edveis no YouTube oficial da liga e nas plataformas digitais.<\/p>\n<p>&nbsp;<\/p>\n<\/div>\n<\/div><\/div><\/div><\/div><\/div><\/div><\/div><\/div>","protected":false},"excerpt":{"rendered":"<p>CARNAVAL VIRTUAL 2003<\/p>\n","protected":false},"author":4,"featured_media":6512,"parent":6402,"menu_order":0,"comment_status":"closed","ping_status":"closed","template":"","meta":{"footnotes":""},"_links":{"self":[{"href":"https:\/\/www.liesv.com.br\/site\/wp-json\/wp\/v2\/pages\/6555"}],"collection":[{"href":"https:\/\/www.liesv.com.br\/site\/wp-json\/wp\/v2\/pages"}],"about":[{"href":"https:\/\/www.liesv.com.br\/site\/wp-json\/wp\/v2\/types\/page"}],"author":[{"embeddable":true,"href":"https:\/\/www.liesv.com.br\/site\/wp-json\/wp\/v2\/users\/4"}],"replies":[{"embeddable":true,"href":"https:\/\/www.liesv.com.br\/site\/wp-json\/wp\/v2\/comments?post=6555"}],"version-history":[{"count":43,"href":"https:\/\/www.liesv.com.br\/site\/wp-json\/wp\/v2\/pages\/6555\/revisions"}],"predecessor-version":[{"id":6854,"href":"https:\/\/www.liesv.com.br\/site\/wp-json\/wp\/v2\/pages\/6555\/revisions\/6854"}],"up":[{"embeddable":true,"href":"https:\/\/www.liesv.com.br\/site\/wp-json\/wp\/v2\/pages\/6402"}],"wp:featuredmedia":[{"embeddable":true,"href":"https:\/\/www.liesv.com.br\/site\/wp-json\/wp\/v2\/media\/6512"}],"wp:attachment":[{"href":"https:\/\/www.liesv.com.br\/site\/wp-json\/wp\/v2\/media?parent=6555"}],"curies":[{"name":"wp","href":"https:\/\/api.w.org\/{rel}","templated":true}]}}