{"id":6808,"date":"2003-03-26T01:42:30","date_gmt":"2003-03-26T04:42:30","guid":{"rendered":"http:\/\/www.liesv.com.br\/site\/?page_id=6808"},"modified":"2025-08-02T11:19:11","modified_gmt":"2025-08-02T14:19:11","slug":"carnaval-virtual","status":"publish","type":"page","link":"https:\/\/www.liesv.com.br\/site\/","title":{"rendered":"0 | Carnaval Virtual"},"content":{"rendered":"<div id=\"pl-6808\"  class=\"panel-layout\" ><div id=\"pg-6808-0\"  class=\"panel-grid panel-has-style\" ><div class=\"panel-row-style panel-row-style-for-6808-0\" ><div id=\"pgc-6808-0-0\"  class=\"panel-grid-cell\" ><div id=\"panel-6808-0-0-0\" class=\"so-panel widget widget_sow-image panel-first-child panel-last-child\" data-index=\"0\" ><div class=\"panel-widget-style panel-widget-style-for-6808-0-0-0\" ><div\n\t\t\t\n\t\t\tclass=\"so-widget-sow-image so-widget-sow-image-default-334eeca80698-6808\"\n\t\t\t\n\t\t>\n<div class=\"sow-image-container\">\n\t\t\t<a href=\"https:\/\/www.liesv.com.br\/site\/carnaval-virtual\/carnavais\/carnaval-virtual-2024-liesv\/regulamento-oficial-carnaval-virtual-2024\/\"\n\t\t\t\t\t>\n\t\t\t<img \n\tsrc=\"https:\/\/www.liesv.com.br\/site\/wp-content\/uploads\/2023\/03\/botao_calendario.fw_.png\" width=\"360\" height=\"360\" srcset=\"https:\/\/www.liesv.com.br\/site\/wp-content\/uploads\/2023\/03\/botao_calendario.fw_.png 360w, https:\/\/www.liesv.com.br\/site\/wp-content\/uploads\/2023\/03\/botao_calendario.fw_-300x300.png 300w, https:\/\/www.liesv.com.br\/site\/wp-content\/uploads\/2023\/03\/botao_calendario.fw_-150x150.png 150w\" sizes=\"(max-width: 360px) 100vw, 360px\" title=\"botao_calendario.fw\" alt=\"\" \t\tclass=\"so-widget-image\"\/>\n\t\t\t<\/a><\/div>\n\n<\/div><\/div><\/div><\/div><div id=\"pgc-6808-0-1\"  class=\"panel-grid-cell\" ><div id=\"panel-6808-0-1-0\" class=\"so-panel widget widget_sow-image panel-first-child panel-last-child\" data-index=\"1\" ><div class=\"panel-widget-style panel-widget-style-for-6808-0-1-0\" ><div\n\t\t\t\n\t\t\tclass=\"so-widget-sow-image so-widget-sow-image-default-334eeca80698-6808\"\n\t\t\t\n\t\t>\n<div class=\"sow-image-container\">\n\t\t\t<a href=\"http:\/\/vitrinedosamba.com.br\"\n\t\t\t\t\t>\n\t\t\t<img \n\tsrc=\"https:\/\/www.liesv.com.br\/site\/wp-content\/uploads\/2023\/03\/botao_enredos.fw_.png\" width=\"360\" height=\"360\" srcset=\"https:\/\/www.liesv.com.br\/site\/wp-content\/uploads\/2023\/03\/botao_enredos.fw_.png 360w, https:\/\/www.liesv.com.br\/site\/wp-content\/uploads\/2023\/03\/botao_enredos.fw_-300x300.png 300w, https:\/\/www.liesv.com.br\/site\/wp-content\/uploads\/2023\/03\/botao_enredos.fw_-150x150.png 150w\" sizes=\"(max-width: 360px) 100vw, 360px\" title=\"botao_enredos.fw\" alt=\"\" \t\tclass=\"so-widget-image\"\/>\n\t\t\t<\/a><\/div>\n\n<\/div><\/div><\/div><\/div><div id=\"pgc-6808-0-2\"  class=\"panel-grid-cell\" ><div id=\"panel-6808-0-2-0\" class=\"so-panel widget widget_sow-image panel-first-child panel-last-child\" data-index=\"2\" ><div class=\"panel-widget-style panel-widget-style-for-6808-0-2-0\" ><div\n\t\t\t\n\t\t\tclass=\"so-widget-sow-image so-widget-sow-image-default-334eeca80698-6808\"\n\t\t\t\n\t\t>\n<div class=\"sow-image-container\">\n\t\t<img \n\tsrc=\"https:\/\/www.liesv.com.br\/site\/wp-content\/uploads\/2023\/03\/botao_ordem-DESFILES.fw_.png\" width=\"360\" height=\"360\" srcset=\"https:\/\/www.liesv.com.br\/site\/wp-content\/uploads\/2023\/03\/botao_ordem-DESFILES.fw_.png 360w, https:\/\/www.liesv.com.br\/site\/wp-content\/uploads\/2023\/03\/botao_ordem-DESFILES.fw_-300x300.png 300w, https:\/\/www.liesv.com.br\/site\/wp-content\/uploads\/2023\/03\/botao_ordem-DESFILES.fw_-150x150.png 150w\" sizes=\"(max-width: 360px) 100vw, 360px\" title=\"botao_ordem-DESFILES.fw\" alt=\"\" \t\tclass=\"so-widget-image\"\/>\n\t<\/div>\n\n<\/div><\/div><\/div><\/div><div id=\"pgc-6808-0-3\"  class=\"panel-grid-cell\" ><div id=\"panel-6808-0-3-0\" class=\"so-panel widget widget_sow-image panel-first-child panel-last-child\" data-index=\"3\" ><div class=\"panel-widget-style panel-widget-style-for-6808-0-3-0\" ><div\n\t\t\t\n\t\t\tclass=\"so-widget-sow-image so-widget-sow-image-default-334eeca80698-6808\"\n\t\t\t\n\t\t>\n<div class=\"sow-image-container\">\n\t\t\t<a href=\"https:\/\/www.liesv.com.br\/site\/carnaval-virtual\/carnavais\/carnaval-virtual-2024-liesv\/regulamento-oficial-carnaval-virtual-2024\/\"\n\t\t\t\t\t>\n\t\t\t<img \n\tsrc=\"https:\/\/www.liesv.com.br\/site\/wp-content\/uploads\/2023\/03\/botao_regulamento.fw_.png\" width=\"360\" height=\"360\" srcset=\"https:\/\/www.liesv.com.br\/site\/wp-content\/uploads\/2023\/03\/botao_regulamento.fw_.png 360w, https:\/\/www.liesv.com.br\/site\/wp-content\/uploads\/2023\/03\/botao_regulamento.fw_-300x300.png 300w, https:\/\/www.liesv.com.br\/site\/wp-content\/uploads\/2023\/03\/botao_regulamento.fw_-150x150.png 150w\" sizes=\"(max-width: 360px) 100vw, 360px\" title=\"botao_regulamento.fw\" alt=\"\" \t\tclass=\"so-widget-image\"\/>\n\t\t\t<\/a><\/div>\n\n<\/div><\/div><\/div><\/div><\/div><\/div><div id=\"pg-6808-1\"  class=\"panel-grid panel-has-style\" ><div class=\"panel-row-style panel-row-style-for-6808-1\" ><div id=\"pgc-6808-1-0\"  class=\"panel-grid-cell\" ><div id=\"panel-6808-1-0-0\" class=\"so-panel widget widget_sow-image panel-first-child panel-last-child\" data-index=\"4\" ><div class=\"panel-widget-style panel-widget-style-for-6808-1-0-0\" ><div\n\t\t\t\n\t\t\tclass=\"so-widget-sow-image so-widget-sow-image-default-334eeca80698-6808\"\n\t\t\t\n\t\t>\n<div class=\"sow-image-container\">\n\t\t\t<a href=\"http:\/\/sys.liesv.com.br\"\n\t\t\ttarget=\"_blank\" rel=\"noopener noreferrer\" \t\t>\n\t\t\t<img \n\tsrc=\"https:\/\/www.liesv.com.br\/site\/wp-content\/uploads\/2023\/03\/INSCREVA-SE_2023.fw_.png\" width=\"1024\" height=\"140\" srcset=\"https:\/\/www.liesv.com.br\/site\/wp-content\/uploads\/2023\/03\/INSCREVA-SE_2023.fw_.png 1024w, https:\/\/www.liesv.com.br\/site\/wp-content\/uploads\/2023\/03\/INSCREVA-SE_2023.fw_-300x41.png 300w, https:\/\/www.liesv.com.br\/site\/wp-content\/uploads\/2023\/03\/INSCREVA-SE_2023.fw_-768x105.png 768w\" sizes=\"(max-width: 1024px) 100vw, 1024px\" title=\"INSCREVA-SE_2023.fw\" alt=\"\" \t\tclass=\"so-widget-image\"\/>\n\t\t\t<\/a><\/div>\n\n<\/div><\/div><\/div><\/div><\/div><\/div><div id=\"pg-6808-2\"  class=\"panel-grid panel-no-style\" ><div id=\"pgc-6808-2-0\"  class=\"panel-grid-cell panel-grid-cell-mobile-last\" ><div id=\"panel-6808-2-0-0\" class=\"so-panel widget widget_sow-editor panel-first-child panel-last-child\" data-index=\"5\" ><div class=\"panel-widget-style panel-widget-style-for-6808-2-0-0\" ><div\n\t\t\t\n\t\t\tclass=\"so-widget-sow-editor so-widget-sow-editor-base\"\n\t\t\t\n\t\t>\n<div class=\"siteorigin-widget-tinymce textwidget\">\n\t<div style=\"padding: 10px 10px 10px 10px;\">\n<h4 style=\"color: #981a4d;\"><strong>COMO FUNCIONA O CARNAVAL VIRTUAL<\/strong><\/h4>\n<h5 style=\"color: #3f505e;\">O carnaval virtual \u00e9 a reprodu\u00e7\u00e3o da maior festa do planeta em sua tela. A cada ano, as escolas virtuais preparam seu carnaval, levando em considera\u00e7\u00e3o o regulamento.<\/h5>\n<h5 style=\"color: #3f505e;\">S\u00e3o diversas pessoas envolvidas no processo, assim como s\u00e3o as diversas as a\u00e7\u00f5es que s\u00e3o necess\u00e1rias para colocar uma carnaval na tela.\u00a0Ao final de cada processo \u00e9 realizado o desfile e o trabalho \u00e9 exibido para in\u00fameras pessoas, inclusive profissionais do carnaval real. Ocorre a apura\u00e7\u00e3o e a melhor escola \u00e9 declarada campe\u00e3.<\/h5>\n<h4 style=\"color: #981a4d;\"><strong>COMO FAZER PARA PARTICIPAR<\/strong><\/h4>\n<h5 style=\"color: #3f505e;\">S\u00e3o diversas as formas para participar do Carnaval Virtual da LIESV. Voc\u00ea pode montar a sua pr\u00f3pria escola ou fazer parte da equipe de escolas j\u00e1 existentes no quadro da liga.<\/h5>\n<h5 style=\"color: #3f505e;\">S\u00e3o diversas as possibilidades de atua\u00e7\u00e3o: Presidente, Carnavalesco, Diretor de Carnaval, Enredista, Int\u00e9rprete, Compositor e muito mais. O Importante \u00e9 que aqui voc\u00ea tem espa\u00e7o para mostrar o seu talento.<\/h5>\n<h4 style=\"color: #981a4d;\"><strong>E OS DESFILES, O QUE FAZER PARA ASSISTIR?<\/strong><\/h4>\n<h5 style=\"color: #3f505e;\">Os desfiles das escolas virtuais acontecem em nossa passarela virtual denominada Jo\u00e3o Jorge Trinta. Os desenhos elaborados pelo carnavalesco s\u00e3o organizados em p\u00e1ginas web e, no dia do desfile, s\u00e3o apresentados junto ao samba enredo feito pelos compositores e o organograma com a explica\u00e7\u00e3o de todos os detalhes do que \u00e9 apresentado.<\/h5>\n<h5 style=\"color: #3f505e;\">Tudo isso pode ser acompanhado em nosso canal oficial do Youtube @carnavalvirtual, se voc\u00ea ainda n\u00e3o segue entra l\u00e1 e acompanhe.<\/h5>\n<h4 style=\"color: #981a4d;\"><strong>POSSO INTERAGIR COM AS ESCOLAS E SEUS COMPONENTES?<\/strong><\/h4>\n<h5 style=\"color: #3f505e;\">A LIESV e a escolas possuem canais de comunica\u00e7\u00e3o nas diversas redes sociais.<br \/>\nTamb\u00e9m existe um grupo aberto no Whatsapp onde rola muito samba, bate papo, conversas s\u00e9rias e conversas fiadas. O carnaval, seja real, seja o virtual, \u00e9 discutido o ano todo.<\/h5>\n<\/div>\n<\/div>\n<\/div><\/div><\/div><\/div><div id=\"pgc-6808-2-1\"  class=\"panel-grid-cell panel-grid-cell-empty\" ><\/div><\/div><div id=\"pg-6808-3\"  class=\"panel-grid panel-has-style\" ><div class=\"panel-row-style panel-row-style-for-6808-3\" ><div id=\"pgc-6808-3-0\"  class=\"panel-grid-cell\" ><div id=\"panel-6808-3-0-0\" class=\"so-panel widget widget_sow-image panel-first-child panel-last-child\" data-index=\"6\" ><div class=\"panel-widget-style panel-widget-style-for-6808-3-0-0\" ><div\n\t\t\t\n\t\t\tclass=\"so-widget-sow-image so-widget-sow-image-default-334eeca80698-6808\"\n\t\t\t\n\t\t><\/div><\/div><\/div><\/div><\/div><\/div><div id=\"pg-6808-4\"  class=\"panel-grid panel-has-style\" ><div class=\"panel-row-style panel-row-style-for-6808-4\" ><div id=\"pgc-6808-4-0\"  class=\"panel-grid-cell\" ><div id=\"panel-6808-4-0-0\" class=\"so-panel widget widget_sow-editor panel-first-child panel-last-child\" data-index=\"7\" ><div class=\"panel-widget-style panel-widget-style-for-6808-4-0-0\" ><div\n\t\t\t\n\t\t\tclass=\"so-widget-sow-editor so-widget-sow-editor-base\"\n\t\t\t\n\t\t>\n<div class=\"siteorigin-widget-tinymce textwidget\">\n\t<h3 style=\"color: #fff;\">NOT\u00cdCIAS<\/h3>\n<\/div>\n<\/div><\/div><\/div><\/div><\/div><\/div><div id=\"pg-6808-5\"  class=\"panel-grid panel-has-style\" ><div class=\"panel-row-style panel-row-style-for-6808-5\" ><div id=\"pgc-6808-5-0\"  class=\"panel-grid-cell\" ><div id=\"panel-6808-5-0-0\" class=\"so-panel widget widget_sow-editor panel-first-child panel-last-child\" data-index=\"8\" ><div class=\"panel-widget-style panel-widget-style-for-6808-5-0-0\" ><div\n\t\t\t\n\t\t\tclass=\"so-widget-sow-editor so-widget-sow-editor-base\"\n\t\t\t\n\t\t>\n<div class=\"siteorigin-widget-tinymce textwidget\">\n\t<h4><a href=\"http:\/\/www.vitrinedosamba.com.br\" target=\"_blank\" rel=\"noopener noreferrer\"><img loading=\"lazy\" decoding=\"async\" class=\"alignleft wp-image-9008 size-full\" src=\"http:\/\/www.liesv.com.br\/site\/wp-content\/uploads\/2021\/04\/Vitrine-Carnaval-Virtual-logo.fw_.png\" alt=\"\" width=\"440\" height=\"70\" srcset=\"https:\/\/www.liesv.com.br\/site\/wp-content\/uploads\/2021\/04\/Vitrine-Carnaval-Virtual-logo.fw_.png 440w, https:\/\/www.liesv.com.br\/site\/wp-content\/uploads\/2021\/04\/Vitrine-Carnaval-Virtual-logo.fw_-300x48.png 300w\" sizes=\"(max-width: 440px) 100vw, 440px\" \/><\/a><\/h4>\n<h4><\/h4>\n<h4><\/h4>\n<h4>A Vitrine do Samba \u00e9 o portal oficial de not\u00edcias do Carnaval Virtual da LIESV. Fique por dentro das not\u00edcias mais recentes.<\/h4>\n<div class=\"wpra-display align\" data-display-id=\"0\" hx-target=\"this\" hx-swap=\"outerHTML\">    <div class=\"wp-rss-aggregator wpra-list-template \">\n        <ul class=\"rss-aggregator wpra-item-list wpra-item-list--bullets wpra-item-list--default\" start=\"1\">\n            <p>No feed items found.<\/p>\n        <\/ul>\n    <\/div> <\/div>\n<\/div>\n<\/div><\/div><\/div><\/div><\/div><\/div><div id=\"pg-6808-6\"  class=\"panel-grid panel-has-style\" ><div class=\"panel-row-style panel-row-style-for-6808-6\" ><div id=\"pgc-6808-6-0\"  class=\"panel-grid-cell\" ><div id=\"panel-6808-6-0-0\" class=\"so-panel widget widget_sow-image panel-first-child panel-last-child\" data-index=\"9\" ><div class=\"panel-widget-style panel-widget-style-for-6808-6-0-0\" ><div\n\t\t\t\n\t\t\tclass=\"so-widget-sow-image so-widget-sow-image-default-c67d20f9f743-6808\"\n\t\t\t\n\t\t>\n<div class=\"sow-image-container\">\n\t\t<img \n\tsrc=\"https:\/\/www.liesv.com.br\/site\/wp-content\/uploads\/2021\/04\/LIESV-Carnaval-Virtual-As-Campe\u00e3s.fw_.png\" width=\"250\" height=\"250\" srcset=\"https:\/\/www.liesv.com.br\/site\/wp-content\/uploads\/2021\/04\/LIESV-Carnaval-Virtual-As-Campe\u00e3s.fw_.png 250w, https:\/\/www.liesv.com.br\/site\/wp-content\/uploads\/2021\/04\/LIESV-Carnaval-Virtual-As-Campe\u00e3s.fw_-150x150.png 150w\" sizes=\"(max-width: 250px) 100vw, 250px\" title=\"LIESV- Carnaval Virtual- As Campe\u00e3s.fw\" alt=\"\" \t\tclass=\"so-widget-image\"\/>\n\t<\/div>\n\n<\/div><\/div><\/div><\/div><div id=\"pgc-6808-6-1\"  class=\"panel-grid-cell\" ><div id=\"panel-6808-6-1-0\" class=\"so-panel widget widget_sow-image panel-first-child panel-last-child\" data-index=\"10\" ><div class=\"panel-widget-style panel-widget-style-for-6808-6-1-0\" ><div\n\t\t\t\n\t\t\tclass=\"so-widget-sow-image so-widget-sow-image-default-c67d20f9f743-6808\"\n\t\t\t\n\t\t>\n<div class=\"sow-image-container\">\n\t\t\t<a href=\"http:\/\/carnavalvirtual2024.liesv.com.br\/desfiles\"\n\t\t\ttarget=\"_blank\" rel=\"noopener noreferrer\" \t\t>\n\t\t\t<img \n\tsrc=\"https:\/\/www.liesv.com.br\/site\/wp-content\/uploads\/2025\/08\/ULTIMO-CARNAVAL-2.png\" width=\"3105\" height=\"3105\" srcset=\"https:\/\/www.liesv.com.br\/site\/wp-content\/uploads\/2025\/08\/ULTIMO-CARNAVAL-2.png 3105w, https:\/\/www.liesv.com.br\/site\/wp-content\/uploads\/2025\/08\/ULTIMO-CARNAVAL-2-300x300.png 300w, https:\/\/www.liesv.com.br\/site\/wp-content\/uploads\/2025\/08\/ULTIMO-CARNAVAL-2-1024x1024.png 1024w, https:\/\/www.liesv.com.br\/site\/wp-content\/uploads\/2025\/08\/ULTIMO-CARNAVAL-2-150x150.png 150w, https:\/\/www.liesv.com.br\/site\/wp-content\/uploads\/2025\/08\/ULTIMO-CARNAVAL-2-768x768.png 768w, https:\/\/www.liesv.com.br\/site\/wp-content\/uploads\/2025\/08\/ULTIMO-CARNAVAL-2-1536x1536.png 1536w, https:\/\/www.liesv.com.br\/site\/wp-content\/uploads\/2025\/08\/ULTIMO-CARNAVAL-2-2048x2048.png 2048w\" sizes=\"(max-width: 3105px) 100vw, 3105px\" title=\"\u00daLTIMO CARNAVAL (2)\" alt=\"\" \t\tclass=\"so-widget-image\"\/>\n\t\t\t<\/a><\/div>\n\n<\/div><\/div><\/div><\/div><div id=\"pgc-6808-6-2\"  class=\"panel-grid-cell\" ><div id=\"panel-6808-6-2-0\" class=\"so-panel widget widget_sow-image panel-first-child panel-last-child\" data-index=\"11\" ><div class=\"panel-widget-style panel-widget-style-for-6808-6-2-0\" ><div\n\t\t\t\n\t\t\tclass=\"so-widget-sow-image so-widget-sow-image-default-89f16426b92c-6808\"\n\t\t\t\n\t\t>\n<div class=\"sow-image-container\">\n\t\t<img \n\tsrc=\"https:\/\/www.liesv.com.br\/site\/wp-content\/uploads\/2021\/04\/LIESV-Carnaval-Virtual-Antigos-Carnavais.fw_.png\" width=\"250\" height=\"250\" srcset=\"https:\/\/www.liesv.com.br\/site\/wp-content\/uploads\/2021\/04\/LIESV-Carnaval-Virtual-Antigos-Carnavais.fw_.png 250w, https:\/\/www.liesv.com.br\/site\/wp-content\/uploads\/2021\/04\/LIESV-Carnaval-Virtual-Antigos-Carnavais.fw_-150x150.png 150w\" sizes=\"(max-width: 250px) 100vw, 250px\" title=\"LIESV- Carnaval Virtual &#8211; Antigos Carnavais.fw\" alt=\"\" \t\tclass=\"so-widget-image\"\/>\n\t<\/div>\n\n<\/div><\/div><\/div><\/div><div id=\"pgc-6808-6-3\"  class=\"panel-grid-cell\" ><div id=\"panel-6808-6-3-0\" class=\"so-panel widget widget_sow-image panel-first-child panel-last-child\" data-index=\"12\" ><div class=\"panel-widget-style panel-widget-style-for-6808-6-3-0\" ><div\n\t\t\t\n\t\t\tclass=\"so-widget-sow-image so-widget-sow-image-default-c67d20f9f743-6808\"\n\t\t\t\n\t\t>\n<div class=\"sow-image-container\">\n\t\t<img \n\tsrc=\"https:\/\/www.liesv.com.br\/site\/wp-content\/uploads\/2021\/04\/LIESV-Carnaval-Virtual-DIscografia.fw_.png\" width=\"250\" height=\"250\" srcset=\"https:\/\/www.liesv.com.br\/site\/wp-content\/uploads\/2021\/04\/LIESV-Carnaval-Virtual-DIscografia.fw_.png 250w, https:\/\/www.liesv.com.br\/site\/wp-content\/uploads\/2021\/04\/LIESV-Carnaval-Virtual-DIscografia.fw_-150x150.png 150w\" sizes=\"(max-width: 250px) 100vw, 250px\" title=\"LIESV- Carnaval Virtual &#8211; DIscografia.fw\" alt=\"\" \t\tclass=\"so-widget-image\"\/>\n\t<\/div>\n\n<\/div><\/div><\/div><\/div><div id=\"pgc-6808-6-4\"  class=\"panel-grid-cell\" ><div id=\"panel-6808-6-4-0\" class=\"so-panel widget widget_sow-image panel-first-child panel-last-child\" data-index=\"13\" ><div class=\"panel-widget-style panel-widget-style-for-6808-6-4-0\" ><div\n\t\t\t\n\t\t\tclass=\"so-widget-sow-image so-widget-sow-image-default-89f16426b92c-6808\"\n\t\t\t\n\t\t>\n<div class=\"sow-image-container\">\n\t\t<img \n\tsrc=\"https:\/\/www.liesv.com.br\/site\/wp-content\/uploads\/2021\/04\/LIESV-Carnaval-Virtual-Museu-Acervo.fw_.png\" width=\"250\" height=\"250\" srcset=\"https:\/\/www.liesv.com.br\/site\/wp-content\/uploads\/2021\/04\/LIESV-Carnaval-Virtual-Museu-Acervo.fw_.png 250w, https:\/\/www.liesv.com.br\/site\/wp-content\/uploads\/2021\/04\/LIESV-Carnaval-Virtual-Museu-Acervo.fw_-150x150.png 150w\" sizes=\"(max-width: 250px) 100vw, 250px\" title=\"LIESV- Carnaval Virtual &#8211; Museu &#8211; Acervo.fw\" alt=\"\" \t\tclass=\"so-widget-image\"\/>\n\t<\/div>\n\n<\/div><\/div><\/div><\/div><\/div><\/div><\/div>","protected":false},"excerpt":{"rendered":"<p>COMO FUNCIONA O CARNAVAL VIRTUAL O carnaval virtual \u00e9 a reprodu\u00e7\u00e3o da maior festa do planeta em sua tela. A cada ano, as escolas virtuais&hellip;<\/p>\n","protected":false},"author":4,"featured_media":0,"parent":0,"menu_order":0,"comment_status":"closed","ping_status":"closed","template":"","meta":{"footnotes":""},"_links":{"self":[{"href":"https:\/\/www.liesv.com.br\/site\/wp-json\/wp\/v2\/pages\/6808"}],"collection":[{"href":"https:\/\/www.liesv.com.br\/site\/wp-json\/wp\/v2\/pages"}],"about":[{"href":"https:\/\/www.liesv.com.br\/site\/wp-json\/wp\/v2\/types\/page"}],"author":[{"embeddable":true,"href":"https:\/\/www.liesv.com.br\/site\/wp-json\/wp\/v2\/users\/4"}],"replies":[{"embeddable":true,"href":"https:\/\/www.liesv.com.br\/site\/wp-json\/wp\/v2\/comments?post=6808"}],"version-history":[{"count":100,"href":"https:\/\/www.liesv.com.br\/site\/wp-json\/wp\/v2\/pages\/6808\/revisions"}],"predecessor-version":[{"id":16960,"href":"https:\/\/www.liesv.com.br\/site\/wp-json\/wp\/v2\/pages\/6808\/revisions\/16960"}],"wp:attachment":[{"href":"https:\/\/www.liesv.com.br\/site\/wp-json\/wp\/v2\/media?parent=6808"}],"curies":[{"name":"wp","href":"https:\/\/api.w.org\/{rel}","templated":true}]}}