{"id":7889,"date":"2021-01-14T01:21:06","date_gmt":"2021-01-14T04:21:06","guid":{"rendered":"http:\/\/www.liesv.com.br\/site\/?page_id=7889"},"modified":"2021-01-14T01:36:30","modified_gmt":"2021-01-14T04:36:30","slug":"ano-2021-edicao-especial","status":"publish","type":"page","link":"https:\/\/www.liesv.com.br\/site\/carnaval-virtual\/escolas-de-samba\/paginas\/unidos-do-paiol\/ano-2021-edicao-especial\/","title":{"rendered":"2021 &#8211; Edi\u00e7\u00e3o Especial &#8211; Unidos do Paiol"},"content":{"rendered":"<div id=\"pl-7889\"  class=\"panel-layout\" ><div id=\"pg-7889-0\"  class=\"panel-grid panel-has-style\" ><div class=\"siteorigin-panels-stretch panel-row-style panel-row-style-for-7889-0\" data-stretch-type=\"full-stretched\" ><div id=\"pgc-7889-0-0\"  class=\"panel-grid-cell panel-grid-cell-empty\" ><\/div><div id=\"pgc-7889-0-1\"  class=\"panel-grid-cell panel-grid-cell-mobile-last\" ><div id=\"panel-7889-0-1-0\" class=\"so-panel widget widget_sow-image panel-first-child panel-last-child\" data-index=\"0\" ><div class=\"panel-widget-style panel-widget-style-for-7889-0-1-0\" ><div\n\t\t\t\n\t\t\tclass=\"so-widget-sow-image so-widget-sow-image-default-c67d20f9f743-7889\"\n\t\t\t\n\t\t>\n<div class=\"sow-image-container\">\n\t\t<img \n\tsrc=\"https:\/\/www.liesv.com.br\/site\/wp-content\/uploads\/2020\/12\/carnaval2021-texto.fw_.png\" width=\"900\" height=\"100\" srcset=\"https:\/\/www.liesv.com.br\/site\/wp-content\/uploads\/2020\/12\/carnaval2021-texto.fw_.png 900w, https:\/\/www.liesv.com.br\/site\/wp-content\/uploads\/2020\/12\/carnaval2021-texto.fw_-300x33.png 300w, https:\/\/www.liesv.com.br\/site\/wp-content\/uploads\/2020\/12\/carnaval2021-texto.fw_-768x85.png 768w\" sizes=\"(max-width: 900px) 100vw, 900px\" title=\"carnaval2021-texto.fw\" alt=\"\" \t\tclass=\"so-widget-image\"\/>\n\t<\/div>\n\n<\/div><\/div><\/div><\/div><div id=\"pgc-7889-0-2\"  class=\"panel-grid-cell panel-grid-cell-empty\" ><\/div><\/div><\/div><div id=\"pg-7889-1\"  class=\"panel-grid panel-has-style\" ><div class=\"siteorigin-panels-stretch panel-row-style panel-row-style-for-7889-1\" data-stretch-type=\"full-stretched\" ><div id=\"pgc-7889-1-0\"  class=\"panel-grid-cell\" ><div id=\"panel-7889-1-0-0\" class=\"so-panel widget widget_sow-image panel-first-child panel-last-child\" data-index=\"1\" ><div class=\"panel-widget-style panel-widget-style-for-7889-1-0-0\" ><div\n\t\t\t\n\t\t\tclass=\"so-widget-sow-image so-widget-sow-image-default-a258e6bfa2d8-7889\"\n\t\t\t\n\t\t>\n<div class=\"sow-image-container\">\n\t\t<img \n\tsrc=\"https:\/\/www.liesv.com.br\/site\/wp-content\/uploads\/2018\/10\/linha.fw_-1.png\" width=\"1040\" height=\"20\" srcset=\"https:\/\/www.liesv.com.br\/site\/wp-content\/uploads\/2018\/10\/linha.fw_-1.png 1040w, https:\/\/www.liesv.com.br\/site\/wp-content\/uploads\/2018\/10\/linha.fw_-1-300x6.png 300w, https:\/\/www.liesv.com.br\/site\/wp-content\/uploads\/2018\/10\/linha.fw_-1-768x15.png 768w, https:\/\/www.liesv.com.br\/site\/wp-content\/uploads\/2018\/10\/linha.fw_-1-1024x20.png 1024w\" sizes=\"(max-width: 1040px) 100vw, 1040px\" title=\"linha.fw\" alt=\"\" \t\tclass=\"so-widget-image\"\/>\n\t<\/div>\n\n<\/div><\/div><\/div><\/div><\/div><\/div><div id=\"pg-7889-2\"  class=\"panel-grid panel-has-style\" ><div class=\"siteorigin-panels-stretch panel-row-style panel-row-style-for-7889-2\" data-stretch-type=\"full-stretched\" ><div id=\"pgc-7889-2-0\"  class=\"panel-grid-cell\" ><div id=\"panel-7889-2-0-0\" class=\"so-panel widget widget_sow-image panel-first-child panel-last-child\" data-index=\"2\" ><div class=\"panel-widget-style panel-widget-style-for-7889-2-0-0\" ><div\n\t\t\t\n\t\t\tclass=\"so-widget-sow-image so-widget-sow-image-default-113ccd71f3e6-7889\"\n\t\t\t\n\t\t>\n<div class=\"sow-image-container\">\n\t\t<img \n\tsrc=\"https:\/\/www.liesv.com.br\/site\/wp-content\/uploads\/2018\/11\/unidos_do_paiol.png\" width=\"550\" height=\"370\" srcset=\"https:\/\/www.liesv.com.br\/site\/wp-content\/uploads\/2018\/11\/unidos_do_paiol.png 550w, https:\/\/www.liesv.com.br\/site\/wp-content\/uploads\/2018\/11\/unidos_do_paiol-300x202.png 300w, https:\/\/www.liesv.com.br\/site\/wp-content\/uploads\/2018\/11\/unidos_do_paiol-272x182.png 272w\" sizes=\"(max-width: 550px) 100vw, 550px\" alt=\"\" \t\tclass=\"so-widget-image\"\/>\n\t<\/div>\n\n<\/div><\/div><\/div><\/div><div id=\"pgc-7889-2-1\"  class=\"panel-grid-cell\" ><div id=\"panel-7889-2-1-0\" class=\"so-panel widget widget_sow-editor panel-first-child panel-last-child\" data-index=\"3\" ><div\n\t\t\t\n\t\t\tclass=\"so-widget-sow-editor so-widget-sow-editor-base\"\n\t\t\t\n\t\t>\n<div class=\"siteorigin-widget-tinymce textwidget\">\n\t<div style=\"width: 100%; margin-top: 10px; padding: 15px;\">\n<div style=\"width: 100%;\">\n<h1 style=\"text-align: center;\"><span style=\"color: #000000; font-family: Arial;\"><strong>Unidos do Paiol<br \/>\n<\/strong><\/span><\/h1>\n<h2><span style=\"color: #003366; font-family: Arial;\"><strong>Ficha T\u00e9cnica:<br \/>\n<\/strong><\/span><\/h2>\n<h3><strong>Presidente:<\/strong> Michel\u00a0Laczynski<\/h3>\n<h3><strong>Carnavalesco:<\/strong> Adler Mendes<\/h3>\n<h3><strong>Int\u00e9rprete:<\/strong> Marcinho do Umarizal<\/h3>\n<\/div>\n<\/div>\n<\/div>\n<\/div><\/div><\/div><\/div><\/div><div id=\"pg-7889-3\"  class=\"panel-grid panel-has-style\" ><div class=\"siteorigin-panels-stretch panel-row-style panel-row-style-for-7889-3\" data-stretch-type=\"full-stretched\" ><div id=\"pgc-7889-3-0\"  class=\"panel-grid-cell\" ><div id=\"panel-7889-3-0-0\" class=\"so-panel widget widget_sow-editor panel-first-child panel-last-child\" data-index=\"4\" ><div\n\t\t\t\n\t\t\tclass=\"so-widget-sow-editor so-widget-sow-editor-base\"\n\t\t\t\n\t\t>\n<div class=\"siteorigin-widget-tinymce textwidget\">\n\t<div style=\"width: 100%; margin-top: 10px; padding: 15px;\">\n<div style=\"width: 100%;\">\n<h1 style=\"text-align: center;\"><span style=\"color: #4c0066; font-family: Arial;\"><strong>\"O dia que Aldir chegou no c\u00e9u\"<\/strong><\/span><\/h1>\n<\/div>\n<\/div>\n<\/div>\n<\/div><\/div><\/div><\/div><\/div><div id=\"pg-7889-4\"  class=\"panel-grid panel-has-style\" ><div class=\"siteorigin-panels-stretch panel-row-style panel-row-style-for-7889-4\" data-stretch-type=\"full-stretched\" ><div id=\"pgc-7889-4-0\"  class=\"panel-grid-cell\" ><div id=\"panel-7889-4-0-0\" class=\"so-panel widget widget_sow-editor panel-first-child panel-last-child\" data-index=\"5\" ><div class=\"panel-widget-style panel-widget-style-for-7889-4-0-0\" ><div\n\t\t\t\n\t\t\tclass=\"so-widget-sow-editor so-widget-sow-editor-base\"\n\t\t\t\n\t\t>\n<div class=\"siteorigin-widget-tinymce textwidget\">\n\t<h4 style=\"text-align: left; color: #535362;\"><strong>O Desfile<\/strong><\/h4>\n<h4 style=\"text-align: left; color: #0059ab;\"><strong>-- alas | -- Alegorias | -- Casal de Mestre Sala e Porta Bandeira<br \/>\n<\/strong><\/h4>\n<\/div>\n<\/div><\/div><\/div><\/div><div id=\"pgc-7889-4-1\"  class=\"panel-grid-cell\" ><div id=\"panel-7889-4-1-0\" class=\"so-panel widget widget_sow-editor panel-first-child panel-last-child\" data-index=\"6\" ><div class=\"panel-widget-style panel-widget-style-for-7889-4-1-0\" ><div\n\t\t\t\n\t\t\tclass=\"so-widget-sow-editor so-widget-sow-editor-base\"\n\t\t\t\n\t\t>\n<div class=\"siteorigin-widget-tinymce textwidget\">\n\t<h4 style=\"color: #535362; text-align: center;\"><strong>Ordem do Desfile (Grupo ---)<\/strong><\/h4>\n<h4 style=\"color: #0059ab; text-align: center;\"><strong>--\u00ba escola a desfilar (---)<br \/>\n<\/strong><\/h4>\n<\/div>\n<\/div><\/div><\/div><\/div><div id=\"pgc-7889-4-2\"  class=\"panel-grid-cell\" ><div id=\"panel-7889-4-2-0\" class=\"so-panel widget widget_sow-editor panel-first-child panel-last-child\" data-index=\"7\" ><div\n\t\t\t\n\t\t\tclass=\"so-widget-sow-editor so-widget-sow-editor-base\"\n\t\t\t\n\t\t>\n<div class=\"siteorigin-widget-tinymce textwidget\">\n\t<h4 style=\"text-align: center; color: #535362;\"><strong>Classifica\u00e7\u00e3o<\/strong><\/h4>\n<h4 style=\"text-align: center; color: #a64545;\"><strong>--<br \/>\n<\/strong><\/h4>\n<\/div>\n<\/div><\/div><\/div><div id=\"pgc-7889-4-3\"  class=\"panel-grid-cell\" ><div id=\"panel-7889-4-3-0\" class=\"so-panel widget widget_sow-button panel-first-child panel-last-child\" data-index=\"8\" ><div\n\t\t\t\n\t\t\tclass=\"so-widget-sow-button so-widget-sow-button-flat-4fc118220f6c-7889\"\n\t\t\t\n\t\t><div class=\"ow-button-base ow-button-align-center\"\n>\n\t\t\t<a\n\t\t\t\tclass=\"sowb-button ow-icon-placement-left ow-button-hover\" target=\"_blank\" rel=\"noopener noreferrer\" \t>\n\t\t<span>\n\t\t\t<span class=\"sow-icon-icomoon\" data-sow-icon=\"&#xe914;\"\n\t\tstyle=\"\" \n\t\taria-hidden=\"true\"><\/span>\n\t\t\tVer Desfile\t\t<\/span>\n\t\t\t<\/a>\n\t<\/div>\n<\/div><\/div><\/div><\/div><\/div><div id=\"pg-7889-5\"  class=\"panel-grid panel-has-style\" ><div class=\"siteorigin-panels-stretch panel-row-style panel-row-style-for-7889-5\" data-stretch-type=\"full-stretched\" ><div id=\"pgc-7889-5-0\"  class=\"panel-grid-cell\" ><div id=\"panel-7889-5-0-0\" class=\"so-panel widget widget_sow-image panel-first-child panel-last-child\" data-index=\"9\" ><div class=\"panel-widget-style panel-widget-style-for-7889-5-0-0\" ><div\n\t\t\t\n\t\t\tclass=\"so-widget-sow-image so-widget-sow-image-default-a258e6bfa2d8-7889\"\n\t\t\t\n\t\t>\n<div class=\"sow-image-container\">\n\t\t<img \n\tsrc=\"https:\/\/www.liesv.com.br\/site\/wp-content\/uploads\/2018\/10\/linha.fw_-1.png\" width=\"1040\" height=\"20\" srcset=\"https:\/\/www.liesv.com.br\/site\/wp-content\/uploads\/2018\/10\/linha.fw_-1.png 1040w, https:\/\/www.liesv.com.br\/site\/wp-content\/uploads\/2018\/10\/linha.fw_-1-300x6.png 300w, https:\/\/www.liesv.com.br\/site\/wp-content\/uploads\/2018\/10\/linha.fw_-1-768x15.png 768w, https:\/\/www.liesv.com.br\/site\/wp-content\/uploads\/2018\/10\/linha.fw_-1-1024x20.png 1024w\" sizes=\"(max-width: 1040px) 100vw, 1040px\" title=\"linha.fw\" alt=\"\" \t\tclass=\"so-widget-image\"\/>\n\t<\/div>\n\n<\/div><\/div><\/div><\/div><\/div><\/div><div id=\"pg-7889-6\"  class=\"panel-grid panel-has-style\" ><div class=\"siteorigin-panels-stretch panel-row-style panel-row-style-for-7889-6\" data-stretch-type=\"full-stretched\" ><div id=\"pgc-7889-6-0\"  class=\"panel-grid-cell\" ><div id=\"panel-7889-6-0-0\" class=\"so-panel widget widget_sow-editor panel-first-child panel-last-child\" data-index=\"10\" ><div class=\"panel-widget-style panel-widget-style-for-7889-6-0-0\" ><div\n\t\t\t\n\t\t\tclass=\"so-widget-sow-editor so-widget-sow-editor-base\"\n\t\t\t\n\t\t>\n<div class=\"siteorigin-widget-tinymce textwidget\">\n\t<h2 style=\"text-align: center;\"><span style=\"color: #ffffff;\"><strong>Sinopse<\/strong><\/span><\/h2>\n<\/div>\n<\/div><\/div><\/div><\/div><\/div><\/div><div id=\"pg-7889-7\"  class=\"panel-grid panel-has-style\" ><div class=\"siteorigin-panels-stretch panel-row-style panel-row-style-for-7889-7\" data-stretch-type=\"full-stretched\" ><div id=\"pgc-7889-7-0\"  class=\"panel-grid-cell\" ><div id=\"panel-7889-7-0-0\" class=\"so-panel widget widget_sow-image panel-first-child panel-last-child\" data-index=\"11\" ><div class=\"panel-widget-style panel-widget-style-for-7889-7-0-0\" ><div\n\t\t\t\n\t\t\tclass=\"so-widget-sow-image so-widget-sow-image-default-113ccd71f3e6-7889\"\n\t\t\t\n\t\t><\/div><\/div><\/div><\/div><div id=\"pgc-7889-7-1\"  class=\"panel-grid-cell\" ><div id=\"panel-7889-7-1-0\" class=\"so-panel widget widget_sow-editor panel-first-child panel-last-child\" data-index=\"12\" ><div class=\"panel-widget-style panel-widget-style-for-7889-7-1-0\" ><div\n\t\t\t\n\t\t\tclass=\"so-widget-sow-editor so-widget-sow-editor-base\"\n\t\t\t\n\t\t>\n<div class=\"siteorigin-widget-tinymce textwidget\">\n\t<div style=\"overflow: auto; height: 800px; padding: 20px;\">\n<p><span style=\"color: #003366;\"><strong>Autores:<\/strong> Adler Mendes<\/span><\/p>\n<p><span style=\"color: #003366;\"><strong>Carnavalesco:<\/strong>\u00a0Adler Mendes<\/span><\/p>\n<h2 style=\"text-align: center;\"><span style=\"color: #003366;\"><strong>O dia que Aldir chegou no c\u00e9u<\/strong><\/span><\/h2>\n<p>&nbsp;<\/p>\n<p><span style=\"color: #003366;\"><strong>Sinopse:<\/strong><\/span><\/p>\n<p style=\"color: #003366;\">Confesso que quando comecei a escrever sobre Aldir Blanc, parti para uma literatura de cordel. N\u00e3o gostei e passei para uma prosa mais bibliogr\u00e1fica e que tentava contar sobre Aldir Blanc\u2026 adivinha s\u00f3, tamb\u00e9m n\u00e3o gostei. Resolvi, agora, continuar com essa cr\u00f4nica para dar forma a essa sinopse. Talvez, consiga, assim, o fracassado plano de explicar o inexplic\u00e1vel: te contar quem foi\u2026 Aldir. Nada mais justo que come\u00e7ar dizendo: bo\u00eamio, tijucano, sambista, m\u00fasico, cantor, suburbano, compositor, cronista, escritor, neto, pai, av\u00f4 e at\u00e9 doutor. Foi m\u00faltiplo sob sua perspectiva de olhar o mundo<br \/>\n.<br \/>\nAssim ser\u00e1 essa sinopse, esse desfile, esse carnaval que mesmo na data que o conv\u00e9m, ser\u00e1\u2026 fora de \u00e9poca. Fora de \u00e9poca pelo per\u00edodo dif\u00edcil em que vivemos. Pela doen\u00e7a mortal que nos vimos obrigados a conviver. Pelo tempo dif\u00edcil que nos convida a ver o que h\u00e1 de pior dentro do ser humano. Confesso que tento romper as palavras aqui escritas para atingir voc\u00ea, leitor. Talvez num sopro de Brecth, em que romper a quarta parede para conversar com que me l\u00ea, seja, para mim, um ato de auto ajuda ou de uma companhia presente no distanciamento. Uma esperan\u00e7a equilibrista, contra o ano de 2020 que foi uma corda bamba. Portanto, te convido a imaginar comigo e tentar, enfim, romper o tempo, romper esse plano e achar uma fuga efetiva atrav\u00e9s das palavras e da imagina\u00e7\u00e3o. Criando um circo de ilus\u00e3o pr\u00f3prio. Dito isso, a sinopse do dia que Aldir chegou ao c\u00e9u est\u00e1 assim posta:<\/p>\n<p style=\"color: #003366;\">Talvez, quando chegou ao c\u00e9u, Aldir, de cara, tenha dado \u201cbatidas na porta da frente\u201d e visto Pedro em p\u00e9, segurando uma chave, ao melhor, segurando um surdo de marca\u00e7\u00e3o para celebrar aquele in\u00edcio de Segunda-Feira. Enquanto chorava a p\u00e1tria m\u00e3e gentil, Marias e Clarisses, o c\u00e9u estava em festa. O sil\u00eancio, que no nosso imagin\u00e1rio \u00e9 o som do para\u00edso, nesse c\u00e9u de Aldir \u00e9 o \u201csom da ral\u00e9, da gentalha, de exus catimbeiros, de canalhas\u201d. Um som de samba celebrando o poeta dos desprezados, o fil\u00f3sofo dos botequins o cronista dos carnavais.<br \/>\nTalvez santos e santas n\u00e3o tenham demorado aparecer: Santa B\u00e1rbara, S\u00e3o Jo\u00e3o, Santo Expedito, Santo Ant\u00f4nio, S\u00e3o Jorge, S\u00e3o Sebasti\u00e3o e at\u00e9 Santo Ant\u00e3o. Bem, e como c\u00e9u \u00e9 de Aldir, o c\u00e9u \u00e9 democr\u00e1tico. Talvez tenha chegado Ogum com seus dez mil cavalos, exus, caboclos e orix\u00e1s. Todos pedindo ben\u00e7\u00e3 ao \u201cateu, c\u00e9tico, c\u00ednico e escroto, nessa ordem\u201d. Rompendo a quarta parede: nem pelo fato de ser ateu, tiraria o m\u00e9rito de Aldir ter um c\u00e9u s\u00f3 dele, ainda que o sentido de c\u00e9u, aqui empregado, seja figurativo, seja uma tentativa de fuga. Funciona, como disse anteriormente, ser uma imagina\u00e7\u00e3o de que qualquer aparente fim seja um novo come\u00e7o.<\/p>\n<p style=\"color: #003366;\">Talvez tenha chegado Seu Ceceu Rico com um taco de sinuca em uma m\u00e3o e o cigarro na outra, parando, de tempos em tempos, para pegar um pouco de f\u00f4lego naqueles pulm\u00f5es asm\u00e1ticos. Talvez ainda Dona Helena, mais quietinha, tenha chegado tamb\u00e9m para acalentar aquele cora\u00e7\u00e3o de outrora triste. Talvez quem Aldir mais tenha gostado de ver tenha sido seu Av\u00f4. Seu Ant\u00f4nio, afinal de contas, qualquer festa ele estaria dentro. E nosso Vasco hein?! Perguntaria o av\u00f4. N\u00e3o importa se na segunda, na terceira ou deixe de existir: Sou Vasco. Ao que responderia Aldir. Talvez o papo tenha ficado nas gl\u00f3rias da mem\u00f3ria. Do jogo contra o Bangu que Vav\u00e1 n\u00e3o perdoou e marcou o t\u00edtulo de 56. Do negro e do portugu\u00eas, lado a lado, da febre alta que pegou depois da churavarada e que o fez ficar de cama causando a doen\u00e7a de ser Vasco da Gama.<\/p>\n<p style=\"color: #003366;\">Talvez, em certo momento da prosa Aldir tenha olhado l\u00e1 de cima c\u00e1 pra baixo e ficando com um tanto de \u201csaudades da Guanabara\u201d. Talvez tenha sentido uma nostalgia, respaldada pela acep\u00e7\u00e3o da palavra, o tomando por completo. Saudade de uma Guanabara longe da devasta\u00e7\u00e3o e \u201ccontra os crimes cometidos contra a liberdade\u201d. E talvez, l\u00e1 de cima mesmo tenha regado ao Salgueiro novo alento, retirado flechas do peito do padroeiro e subido alguns ramos do seu c\u00e9u para pedir piedade ao Redentor que o olhava entre folhas e nuvens. Ao que esse talvez tenha respondido atrav\u00e9s de \u201cpipas levadas pela brisa remendando luzes do sol\u201d que o faz relembrar da sua Tijuca. \u201cLaranjeiras da terra, limoeiros, jaqueiras, mangueiras, goiabeiras vermelhas, uma leitura de monteiro Lobato, almo\u00e7os de domingo em forma de festa, feijoadas recortadas por cervejas suadas em tinas de madeira. Talvez recordando do menino que lan\u00e7ou garatujas no papel sempre correndo atr\u00e1s da inf\u00e2ncia.<br \/>\nTalvez com uns olhos marejados de saudade tenha escutado a melodia de um timbre famoso: \u201cOl\u00e1! Prazer rever voc\u00ea\u201d. Que no giro do corpo, j\u00e1 consciente de quem se tratava, \u201csoube que encontraria no olhar no espelho daquela amiga sua pr\u00f3pria face. Elis Regina girando num bailado de porta bandeira ao lado de um marinheiro, magrinho, riscando o seu c\u00e9u como mestre sala. Como um almirante negro com vestes de drag\u00e3o do mar: Jo\u00e3o C\u00e2ndido.<\/p>\n<p style=\"color: #003366;\">Talvez tenha preparado uma mesa grande com a presen\u00e7a de Beth Carvalho, Betinho, Henfil, Taiguara, Clara Nunes, Tom Jobim e Beth Carvalho. Que bradariam em alto e bom som:\u201d Gl\u00f3ria aos piratas, as mulatas, as sereias. Gl\u00f3ria a farofa, a cacha\u00e7a, as baleias\u201d. Uma reuni\u00e3o daqueles que nunca esqueceram a hist\u00f3ria de um pa\u00eds que vive um passado tenebroso. Dariam gl\u00f3ria para que a mem\u00f3ria nunca ficasse reduzida a pedras pisadas num cais.<\/p>\n<p style=\"color: #003366;\">Talvez... n\u00e3o<\/p>\n<p style=\"color: #003366;\">Com certeza, Aldir do seu c\u00e9u estava ao redor de nuvens o glorificando por ter em vida tirado manchas torturadas atrav\u00e9s da sua m\u00fasica, da sua arte, do seu poema e da sua cr\u00f4nica! Ainda que uma parte de BraZil o estivesse menosprezado, o BraSil, a verdadeira p\u00e1tria m\u00e3e gentil, Marias e Clarisses estavam chorando, por\u00e9m com a certeza de que a esperan\u00e7a \u00e9 viva, que a democracia \u00e9 uma luta constante e que o show tem que continuar.<\/p>\n<p style=\"color: #003366;\">Aldir ao se despedir do Brasil que olhava l\u00e1 de cima, ao se despedir do seu Rio de Janeiro, ao se despedir da sua tijuca, ao se despedir da sua vida boemia, ao se despedir do seu samba observou que o c\u00e9u em que estava era o c\u00e9u que j\u00e1 imaginava. Chegou na goiabeira branca cujo galho que se direcionava ao ch\u00e3o o pegou e o recolheu para as frondosas flores e o emaranhado de galhos, sempre deixando o menino dentro dele vivo e presente em cada pessoa que sempre defender\u00e1 a democracia e as lutas ingl\u00f3rias.<\/p>\n<\/div>\n<\/div>\n<\/div><\/div><\/div><\/div><\/div><\/div><div id=\"pg-7889-8\"  class=\"panel-grid panel-has-style\" ><div class=\"siteorigin-panels-stretch panel-row-style panel-row-style-for-7889-8\" data-stretch-type=\"full-stretched\" ><div id=\"pgc-7889-8-0\"  class=\"panel-grid-cell\" ><div id=\"panel-7889-8-0-0\" class=\"so-panel widget widget_sow-editor panel-first-child panel-last-child\" data-index=\"13\" ><div class=\"panel-widget-style panel-widget-style-for-7889-8-0-0\" ><div\n\t\t\t\n\t\t\tclass=\"so-widget-sow-editor so-widget-sow-editor-base\"\n\t\t\t\n\t\t>\n<div class=\"siteorigin-widget-tinymce textwidget\">\n\t<h2 style=\"text-align: center;\"><span style=\"color: #ffffff;\"><strong>Samba Enredo<\/strong><\/span><\/h2>\n<\/div>\n<\/div><\/div><\/div><\/div><\/div><\/div><div id=\"pg-7889-9\"  class=\"panel-grid panel-has-style\" ><div class=\"siteorigin-panels-stretch panel-row-style panel-row-style-for-7889-9\" data-stretch-type=\"full-stretched\" ><div id=\"pgc-7889-9-0\"  class=\"panel-grid-cell panel-grid-cell-empty\" ><\/div><div id=\"pgc-7889-9-1\"  class=\"panel-grid-cell panel-grid-cell-mobile-last\" ><div id=\"panel-7889-9-1-0\" class=\"so-panel widget widget_sow-editor panel-first-child\" data-index=\"14\" ><div class=\"panel-widget-style panel-widget-style-for-7889-9-1-0\" ><div\n\t\t\t\n\t\t\tclass=\"so-widget-sow-editor so-widget-sow-editor-base\"\n\t\t\t\n\t\t>\n<div class=\"siteorigin-widget-tinymce textwidget\">\n\t<div style=\"overflow: auto; padding: 10px;\">\n<h3 style=\"text-align: center;\"><span style=\"color: #003366;\"><strong>Compositores<\/strong><\/span><\/h3>\n<h3 style=\"text-align: center;\">---<\/h3>\n<h3 style=\"text-align: center;\"><span style=\"color: #003366;\"><strong>Int\u00e9rprete<\/strong><\/span><\/h3>\n<h3 style=\"text-align: center;\">---<\/h3>\n<hr \/>\n<\/div>\n<\/div>\n<\/div><\/div><\/div><div id=\"panel-7889-9-1-1\" class=\"widget_text so-panel widget widget_custom_html\" data-index=\"15\" ><div class=\"widget_text panel-widget-style panel-widget-style-for-7889-9-1-1\" ><div class=\"textwidget custom-html-widget\"><\/div><\/div><\/div><div id=\"panel-7889-9-1-2\" class=\"so-panel widget widget_sow-editor panel-last-child\" data-index=\"16\" ><div class=\"panel-widget-style panel-widget-style-for-7889-9-1-2\" ><div\n\t\t\t\n\t\t\tclass=\"so-widget-sow-editor so-widget-sow-editor-base\"\n\t\t\t\n\t\t>\n<div class=\"siteorigin-widget-tinymce textwidget\">\n\t<div>\n<h4 style=\"text-align: center;\"><span style=\"color: #003366;\"><strong>LETRA DO SAMBA ENREDO<\/strong><\/span><\/h4>\n<p style=\"text-align: center; color: #003366;\"><strong>---<\/strong><\/p>\n<p style=\"text-align: center; color: #003366;\">---<\/p>\n<p style=\"text-align: center; color: #003366;\"><strong>---<\/strong><\/p>\n<\/div>\n<\/div>\n<\/div><\/div><\/div><\/div><div id=\"pgc-7889-9-2\"  class=\"panel-grid-cell panel-grid-cell-empty\" ><\/div><\/div><\/div><\/div>","protected":false},"excerpt":{"rendered":"<p>Unidos do Paiol Ficha T\u00e9cnica: Presidente: Michel\u00a0Laczynski Carnavalesco: Adler Mendes Int\u00e9rprete: Marcinho do Umarizal &#8220;O dia que Aldir chegou no c\u00e9u&#8221; O Desfile &#8212; alas&hellip;<\/p>\n","protected":false},"author":4,"featured_media":0,"parent":6359,"menu_order":0,"comment_status":"closed","ping_status":"closed","template":"","meta":{"footnotes":""},"_links":{"self":[{"href":"https:\/\/www.liesv.com.br\/site\/wp-json\/wp\/v2\/pages\/7889"}],"collection":[{"href":"https:\/\/www.liesv.com.br\/site\/wp-json\/wp\/v2\/pages"}],"about":[{"href":"https:\/\/www.liesv.com.br\/site\/wp-json\/wp\/v2\/types\/page"}],"author":[{"embeddable":true,"href":"https:\/\/www.liesv.com.br\/site\/wp-json\/wp\/v2\/users\/4"}],"replies":[{"embeddable":true,"href":"https:\/\/www.liesv.com.br\/site\/wp-json\/wp\/v2\/comments?post=7889"}],"version-history":[{"count":10,"href":"https:\/\/www.liesv.com.br\/site\/wp-json\/wp\/v2\/pages\/7889\/revisions"}],"predecessor-version":[{"id":8177,"href":"https:\/\/www.liesv.com.br\/site\/wp-json\/wp\/v2\/pages\/7889\/revisions\/8177"}],"up":[{"embeddable":true,"href":"https:\/\/www.liesv.com.br\/site\/wp-json\/wp\/v2\/pages\/6359"}],"wp:attachment":[{"href":"https:\/\/www.liesv.com.br\/site\/wp-json\/wp\/v2\/media?parent=7889"}],"curies":[{"name":"wp","href":"https:\/\/api.w.org\/{rel}","templated":true}]}}