{"id":7897,"date":"2021-01-04T18:10:42","date_gmt":"2021-01-04T21:10:42","guid":{"rendered":"http:\/\/www.liesv.com.br\/site\/?page_id=7897"},"modified":"2021-04-23T01:13:59","modified_gmt":"2021-04-23T04:13:59","slug":"ano-2021-edicao-especial","status":"publish","type":"page","link":"https:\/\/www.liesv.com.br\/site\/carnaval-virtual\/escolas-de-samba\/paginas\/falcoes-da-serra\/ano-2021-edicao-especial\/","title":{"rendered":"2021 &#8211; Edi\u00e7\u00e3o Especial &#8211; Falc\u00f5es da Serra"},"content":{"rendered":"<div id=\"pl-7897\"  class=\"panel-layout\" ><div id=\"pg-7897-0\"  class=\"panel-grid panel-has-style\" ><div class=\"siteorigin-panels-stretch panel-row-style panel-row-style-for-7897-0\" data-stretch-type=\"full-stretched\" ><div id=\"pgc-7897-0-0\"  class=\"panel-grid-cell panel-grid-cell-empty\" ><\/div><div id=\"pgc-7897-0-1\"  class=\"panel-grid-cell panel-grid-cell-mobile-last\" ><div id=\"panel-7897-0-1-0\" class=\"so-panel widget widget_sow-image panel-first-child panel-last-child\" data-index=\"0\" ><div class=\"panel-widget-style panel-widget-style-for-7897-0-1-0\" ><div\n\t\t\t\n\t\t\tclass=\"so-widget-sow-image so-widget-sow-image-default-c67d20f9f743-7897\"\n\t\t\t\n\t\t>\n<div class=\"sow-image-container\">\n\t\t<img \n\tsrc=\"https:\/\/www.liesv.com.br\/site\/wp-content\/uploads\/2020\/12\/carnaval2021-texto.fw_.png\" width=\"900\" height=\"100\" srcset=\"https:\/\/www.liesv.com.br\/site\/wp-content\/uploads\/2020\/12\/carnaval2021-texto.fw_.png 900w, https:\/\/www.liesv.com.br\/site\/wp-content\/uploads\/2020\/12\/carnaval2021-texto.fw_-300x33.png 300w, https:\/\/www.liesv.com.br\/site\/wp-content\/uploads\/2020\/12\/carnaval2021-texto.fw_-768x85.png 768w\" sizes=\"(max-width: 900px) 100vw, 900px\" title=\"carnaval2021-texto.fw\" alt=\"\" \t\tclass=\"so-widget-image\"\/>\n\t<\/div>\n\n<\/div><\/div><\/div><\/div><div id=\"pgc-7897-0-2\"  class=\"panel-grid-cell panel-grid-cell-empty\" ><\/div><\/div><\/div><div id=\"pg-7897-1\"  class=\"panel-grid panel-has-style\" ><div class=\"siteorigin-panels-stretch panel-row-style panel-row-style-for-7897-1\" data-stretch-type=\"full-stretched\" ><div id=\"pgc-7897-1-0\"  class=\"panel-grid-cell\" ><div id=\"panel-7897-1-0-0\" class=\"so-panel widget widget_sow-image panel-first-child panel-last-child\" data-index=\"1\" ><div class=\"panel-widget-style panel-widget-style-for-7897-1-0-0\" ><div\n\t\t\t\n\t\t\tclass=\"so-widget-sow-image so-widget-sow-image-default-a258e6bfa2d8-7897\"\n\t\t\t\n\t\t>\n<div class=\"sow-image-container\">\n\t\t<img \n\tsrc=\"https:\/\/www.liesv.com.br\/site\/wp-content\/uploads\/2018\/10\/linha.fw_-1.png\" width=\"1040\" height=\"20\" srcset=\"https:\/\/www.liesv.com.br\/site\/wp-content\/uploads\/2018\/10\/linha.fw_-1.png 1040w, https:\/\/www.liesv.com.br\/site\/wp-content\/uploads\/2018\/10\/linha.fw_-1-300x6.png 300w, https:\/\/www.liesv.com.br\/site\/wp-content\/uploads\/2018\/10\/linha.fw_-1-768x15.png 768w, https:\/\/www.liesv.com.br\/site\/wp-content\/uploads\/2018\/10\/linha.fw_-1-1024x20.png 1024w\" sizes=\"(max-width: 1040px) 100vw, 1040px\" title=\"linha.fw\" alt=\"\" \t\tclass=\"so-widget-image\"\/>\n\t<\/div>\n\n<\/div><\/div><\/div><\/div><\/div><\/div><div id=\"pg-7897-2\"  class=\"panel-grid panel-has-style\" ><div class=\"siteorigin-panels-stretch panel-row-style panel-row-style-for-7897-2\" data-stretch-type=\"full-stretched\" ><div id=\"pgc-7897-2-0\"  class=\"panel-grid-cell\" ><div id=\"panel-7897-2-0-0\" class=\"so-panel widget widget_sow-image panel-first-child panel-last-child\" data-index=\"2\" ><div class=\"panel-widget-style panel-widget-style-for-7897-2-0-0\" ><div\n\t\t\t\n\t\t\tclass=\"so-widget-sow-image so-widget-sow-image-default-113ccd71f3e6-7897\"\n\t\t\t\n\t\t>\n<div class=\"sow-image-container\">\n\t\t<img \n\tsrc=\"https:\/\/www.liesv.com.br\/site\/wp-content\/uploads\/2020\/12\/falcoes-da-serra.fw_.png\" width=\"550\" height=\"370\" srcset=\"https:\/\/www.liesv.com.br\/site\/wp-content\/uploads\/2020\/12\/falcoes-da-serra.fw_.png 550w, https:\/\/www.liesv.com.br\/site\/wp-content\/uploads\/2020\/12\/falcoes-da-serra.fw_-300x202.png 300w, https:\/\/www.liesv.com.br\/site\/wp-content\/uploads\/2020\/12\/falcoes-da-serra.fw_-272x182.png 272w\" sizes=\"(max-width: 550px) 100vw, 550px\" title=\"falcoes-da-serra.fw\" alt=\"\" \t\tclass=\"so-widget-image\"\/>\n\t<\/div>\n\n<\/div><\/div><\/div><\/div><div id=\"pgc-7897-2-1\"  class=\"panel-grid-cell\" ><div id=\"panel-7897-2-1-0\" class=\"so-panel widget widget_sow-editor panel-first-child panel-last-child\" data-index=\"3\" ><div\n\t\t\t\n\t\t\tclass=\"so-widget-sow-editor so-widget-sow-editor-base\"\n\t\t\t\n\t\t>\n<div class=\"siteorigin-widget-tinymce textwidget\">\n\t<div style=\"width: 100%; margin-top: 10px; padding: 15px;\">\n<div style=\"width: 100%;\">\n<h1 style=\"text-align: center;\"><span style=\"color: #000000; font-family: Arial;\"><strong>Falc\u00f5es da Serra<br \/>\n<\/strong><\/span><\/h1>\n<h2><span style=\"color: #003366; font-family: Arial;\"><strong>Ficha T\u00e9cnica:<br \/>\n<\/strong><\/span><\/h2>\n<h3><strong>Presidente: <\/strong>Murilo Duarte<\/h3>\n<h3><strong>Carnavalesco:<\/strong> Airton Barbosa<\/h3>\n<h3><strong>Int\u00e9rpretes:<\/strong> Carlos Junior e Douglinhas Aguiar<\/h3>\n<h3><strong>Autores do Enredo:<\/strong> Humberto Mansur<br \/>\n<\/h3>\n<\/div>\n<\/div>\n<\/div>\n<\/div><\/div><\/div><\/div><\/div><div id=\"pg-7897-3\"  class=\"panel-grid panel-has-style\" ><div class=\"siteorigin-panels-stretch panel-row-style panel-row-style-for-7897-3\" data-stretch-type=\"full-stretched\" ><div id=\"pgc-7897-3-0\"  class=\"panel-grid-cell\" ><div id=\"panel-7897-3-0-0\" class=\"so-panel widget widget_sow-editor panel-first-child panel-last-child\" data-index=\"4\" ><div\n\t\t\t\n\t\t\tclass=\"so-widget-sow-editor so-widget-sow-editor-base\"\n\t\t\t\n\t\t>\n<div class=\"siteorigin-widget-tinymce textwidget\">\n\t<div style=\"width: 100%; margin-top: 10px; padding: 15px;\">\n<div style=\"width: 100%;\">\n<h1 style=\"text-align: center;\"><span style=\"color: #4c0066; font-family: Arial;\"><strong>\"Uma cidade que voc\u00ea precisa conhecer\"<\/strong><\/span><\/h1>\n<\/div>\n<\/div>\n<\/div>\n<\/div><\/div><\/div><\/div><\/div><div id=\"pg-7897-4\"  class=\"panel-grid panel-has-style\" ><div class=\"siteorigin-panels-stretch panel-row-style panel-row-style-for-7897-4\" data-stretch-type=\"full-stretched\" ><div id=\"pgc-7897-4-0\"  class=\"panel-grid-cell\" ><div id=\"panel-7897-4-0-0\" class=\"so-panel widget widget_sow-editor panel-first-child panel-last-child\" data-index=\"5\" ><div class=\"panel-widget-style panel-widget-style-for-7897-4-0-0\" ><div\n\t\t\t\n\t\t\tclass=\"so-widget-sow-editor so-widget-sow-editor-base\"\n\t\t\t\n\t\t>\n<div class=\"siteorigin-widget-tinymce textwidget\">\n\t<h4 style=\"text-align: left; color: #535362;\"><strong>O Desfile<\/strong><\/h4>\n<h4 style=\"text-align: left; color: #0059ab;\"><strong>-- alas | -- Alegorias | -- Casal de Mestre Sala e Porta Bandeira<br \/>\n<\/strong><\/h4>\n<\/div>\n<\/div><\/div><\/div><\/div><div id=\"pgc-7897-4-1\"  class=\"panel-grid-cell\" ><div id=\"panel-7897-4-1-0\" class=\"so-panel widget widget_sow-editor panel-first-child panel-last-child\" data-index=\"6\" ><div class=\"panel-widget-style panel-widget-style-for-7897-4-1-0\" ><div\n\t\t\t\n\t\t\tclass=\"so-widget-sow-editor so-widget-sow-editor-base\"\n\t\t\t\n\t\t>\n<div class=\"siteorigin-widget-tinymce textwidget\">\n\t<h4 style=\"color: #535362; text-align: center;\"><strong>Ordem do Desfile (Grupo ---)<\/strong><\/h4>\n<h4 style=\"color: #0059ab; text-align: center;\"><strong>--\u00ba escola a desfilar (---)<br \/>\n<\/strong><\/h4>\n<\/div>\n<\/div><\/div><\/div><\/div><div id=\"pgc-7897-4-2\"  class=\"panel-grid-cell\" ><div id=\"panel-7897-4-2-0\" class=\"so-panel widget widget_sow-editor panel-first-child panel-last-child\" data-index=\"7\" ><div\n\t\t\t\n\t\t\tclass=\"so-widget-sow-editor so-widget-sow-editor-base\"\n\t\t\t\n\t\t>\n<div class=\"siteorigin-widget-tinymce textwidget\">\n\t<h4 style=\"text-align: center; color: #535362;\"><strong>Classifica\u00e7\u00e3o<\/strong><\/h4>\n<h4 style=\"text-align: center; color: #a64545;\"><strong>--<br \/>\n<\/strong><\/h4>\n<\/div>\n<\/div><\/div><\/div><div id=\"pgc-7897-4-3\"  class=\"panel-grid-cell\" ><div id=\"panel-7897-4-3-0\" class=\"so-panel widget widget_sow-button panel-first-child panel-last-child\" data-index=\"8\" ><div\n\t\t\t\n\t\t\tclass=\"so-widget-sow-button so-widget-sow-button-flat-4fc118220f6c-7897\"\n\t\t\t\n\t\t><div class=\"ow-button-base ow-button-align-center\"\n>\n\t\t\t<a\n\t\t\t\tclass=\"sowb-button ow-icon-placement-left ow-button-hover\" target=\"_blank\" rel=\"noopener noreferrer\" \t>\n\t\t<span>\n\t\t\t<span class=\"sow-icon-icomoon\" data-sow-icon=\"&#xe914;\"\n\t\tstyle=\"\" \n\t\taria-hidden=\"true\"><\/span>\n\t\t\tVer Desfile\t\t<\/span>\n\t\t\t<\/a>\n\t<\/div>\n<\/div><\/div><\/div><\/div><\/div><div id=\"pg-7897-5\"  class=\"panel-grid panel-has-style\" ><div class=\"siteorigin-panels-stretch panel-row-style panel-row-style-for-7897-5\" data-stretch-type=\"full-stretched\" ><div id=\"pgc-7897-5-0\"  class=\"panel-grid-cell\" ><div id=\"panel-7897-5-0-0\" class=\"so-panel widget widget_sow-image panel-first-child panel-last-child\" data-index=\"9\" ><div class=\"panel-widget-style panel-widget-style-for-7897-5-0-0\" ><div\n\t\t\t\n\t\t\tclass=\"so-widget-sow-image so-widget-sow-image-default-a258e6bfa2d8-7897\"\n\t\t\t\n\t\t>\n<div class=\"sow-image-container\">\n\t\t<img \n\tsrc=\"https:\/\/www.liesv.com.br\/site\/wp-content\/uploads\/2018\/10\/linha.fw_-1.png\" width=\"1040\" height=\"20\" srcset=\"https:\/\/www.liesv.com.br\/site\/wp-content\/uploads\/2018\/10\/linha.fw_-1.png 1040w, https:\/\/www.liesv.com.br\/site\/wp-content\/uploads\/2018\/10\/linha.fw_-1-300x6.png 300w, https:\/\/www.liesv.com.br\/site\/wp-content\/uploads\/2018\/10\/linha.fw_-1-768x15.png 768w, https:\/\/www.liesv.com.br\/site\/wp-content\/uploads\/2018\/10\/linha.fw_-1-1024x20.png 1024w\" sizes=\"(max-width: 1040px) 100vw, 1040px\" title=\"linha.fw\" alt=\"\" \t\tclass=\"so-widget-image\"\/>\n\t<\/div>\n\n<\/div><\/div><\/div><\/div><\/div><\/div><div id=\"pg-7897-6\"  class=\"panel-grid panel-has-style\" ><div class=\"siteorigin-panels-stretch panel-row-style panel-row-style-for-7897-6\" data-stretch-type=\"full-stretched\" ><div id=\"pgc-7897-6-0\"  class=\"panel-grid-cell\" ><div id=\"panel-7897-6-0-0\" class=\"so-panel widget widget_sow-editor panel-first-child panel-last-child\" data-index=\"10\" ><div class=\"panel-widget-style panel-widget-style-for-7897-6-0-0\" ><div\n\t\t\t\n\t\t\tclass=\"so-widget-sow-editor so-widget-sow-editor-base\"\n\t\t\t\n\t\t>\n<div class=\"siteorigin-widget-tinymce textwidget\">\n\t<h2 style=\"text-align: center;\"><span style=\"color: #ffffff;\"><strong>Sinopse<\/strong><\/span><\/h2>\n<\/div>\n<\/div><\/div><\/div><\/div><\/div><\/div><div id=\"pg-7897-7\"  class=\"panel-grid panel-has-style\" ><div class=\"siteorigin-panels-stretch panel-row-style panel-row-style-for-7897-7\" data-stretch-type=\"full-stretched\" ><div id=\"pgc-7897-7-0\"  class=\"panel-grid-cell\" ><div id=\"panel-7897-7-0-0\" class=\"so-panel widget widget_sow-image panel-first-child panel-last-child\" data-index=\"11\" ><div class=\"panel-widget-style panel-widget-style-for-7897-7-0-0\" ><div\n\t\t\t\n\t\t\tclass=\"so-widget-sow-image so-widget-sow-image-default-113ccd71f3e6-7897\"\n\t\t\t\n\t\t>\n<div class=\"sow-image-container\">\n\t\t<img \n\tsrc=\"https:\/\/www.liesv.com.br\/site\/wp-content\/uploads\/2021\/01\/falc\u00f5es-da-serra-logo-carnaval-virtual-2021-edi\u00e7\u00e3o-especial-fevereiro.jpg\" width=\"1170\" height=\"1170\" srcset=\"https:\/\/www.liesv.com.br\/site\/wp-content\/uploads\/2021\/01\/falc\u00f5es-da-serra-logo-carnaval-virtual-2021-edi\u00e7\u00e3o-especial-fevereiro.jpg 1170w, https:\/\/www.liesv.com.br\/site\/wp-content\/uploads\/2021\/01\/falc\u00f5es-da-serra-logo-carnaval-virtual-2021-edi\u00e7\u00e3o-especial-fevereiro-300x300.jpg 300w, https:\/\/www.liesv.com.br\/site\/wp-content\/uploads\/2021\/01\/falc\u00f5es-da-serra-logo-carnaval-virtual-2021-edi\u00e7\u00e3o-especial-fevereiro-1024x1024.jpg 1024w, https:\/\/www.liesv.com.br\/site\/wp-content\/uploads\/2021\/01\/falc\u00f5es-da-serra-logo-carnaval-virtual-2021-edi\u00e7\u00e3o-especial-fevereiro-150x150.jpg 150w, https:\/\/www.liesv.com.br\/site\/wp-content\/uploads\/2021\/01\/falc\u00f5es-da-serra-logo-carnaval-virtual-2021-edi\u00e7\u00e3o-especial-fevereiro-768x768.jpg 768w\" sizes=\"(max-width: 1170px) 100vw, 1170px\" alt=\"\" \t\tclass=\"so-widget-image\"\/>\n\t<\/div>\n\n<\/div><\/div><\/div><\/div><div id=\"pgc-7897-7-1\"  class=\"panel-grid-cell\" ><div id=\"panel-7897-7-1-0\" class=\"so-panel widget widget_sow-editor panel-first-child panel-last-child\" data-index=\"12\" ><div class=\"panel-widget-style panel-widget-style-for-7897-7-1-0\" ><div\n\t\t\t\n\t\t\tclass=\"so-widget-sow-editor so-widget-sow-editor-base\"\n\t\t\t\n\t\t>\n<div class=\"siteorigin-widget-tinymce textwidget\">\n\t<div style=\"overflow: auto; height: 800px; padding: 20px;\">\n<p><span style=\"color: #003366;\"><strong>Autores:<\/strong> Humberto Mansur<\/span><\/p>\n<p><span style=\"color: #003366;\"><strong>Carnavalesco:<\/strong>\u00a0Airton Barbosa<\/span><\/p>\n<h2 style=\"text-align: center;\"><span style=\"color: #003366;\"><strong>Uma cidade que voc\u00ea precisa conhecer<br \/>\n<\/strong><\/span><\/h2>\n<p><span style=\"color: #003366;\"><strong>Sinopse:<\/strong><\/span><\/p>\n<p style=\"color: #003366;\">Boa tarde a todos! Eu sou um representante de uma grande ag\u00eancia sobre a cultura brasileira, e vim aqui para apresent\u00e1-los algo novo. Venho aqui contar a hist\u00f3ria de uma cidade que voc\u00eas precisam conhecer! Uma hist\u00f3ria fascinante, cheia de reviravoltas lindas que ajudaram a moldar o povo e o presente desta cidade, e que com certeza fascinar\u00e1 voc\u00eas quando verem ela no nosso carnaval!<\/p>\n<p style=\"color: #003366;\">A nossa hist\u00f3ria come\u00e7a bem antes do descobrimento do Brasil. Antes de todo mundo, no territ\u00f3rio onde hoje se localiza a nossa cidade, moravam \u00edndios. Sim, \u00edndios! Eles viviam em ocas, faziam seus cantos, veneravam a natureza e seguiam suas cren\u00e7as espirituais. A cultura desse povo era excepcionalmente rica, com muitas lendas fascinantes que voc\u00ea pode descobrir hoje em dia visitando a nossa cidade!<\/p>\n<p style=\"color: #003366;\">Depois, vieram v\u00e1rios povos pra c\u00e1 pra come\u00e7ar a construir uma cidade. Primeiro vieram os europeus, em busca das riquezas que nossa terra tinha. Eles fizeram acordos com os \u00edndios, constru\u00edram casas, igrejas e come\u00e7aram a dar forma \u00e0 nossa cidade. Algum tempo depois, vieram os negros da \u00c1frica, v\u00edtimas dos horrores da escravid\u00e3o e que traziam com eles nada al\u00e9m da sua f\u00e9. Por \u00faltimo, depois que o sol da liberdade finalmente raiou aqui, vieram imigrantes de todos os cantos do mundo para trabalhar e ter a esperan\u00e7a de uma nova vida. Essas culturas se misturaram, e hoje em dia, s\u00e3o todas presentes na nossa cidade!<\/p>\n<p style=\"color: #003366;\">E se a hist\u00f3ria da nossa cidade chama a aten\u00e7\u00e3o, o presente dela tamb\u00e9m \u00e9 maravilhoso. Temos coisas maravilhosas como uma igreja colossal de arquitetura primorosa, uma pra\u00e7a onde os animais e as pessoas podem apreciar o ar livre, campos de futebol para as crian\u00e7as se divertirem e um p\u00f3lo econ\u00f4mico maravilhoso. Com certeza voc\u00ea vai encontrar algo para fazer na nossa cidade!<\/p>\n<p style=\"color: #003366;\">Mas se falamos do passado e do presente, porque n\u00e3o falamos do futuro? Aqui n\u00f3s temos sa\u00fade de qualidade com hospitais e postos m\u00e9dicos, educa\u00e7\u00e3o de primeira com escolas lindas, preserva\u00e7\u00e3o ambiental com \u00e1rvores deixando nossa tela ainda mais verde, e tecnologia que nos faz a cidade do futuro, uma cidade que o Brasil inteiro se orgulhar\u00e1 de ver!<\/p>\n<p style=\"color: #003366;\">Voc\u00ea j\u00e1 sabe que cidade \u00e9 essa?<\/p>\n<p style=\"color: #003366;\">N\u00e3o?<\/p>\n<p style=\"color: #003366;\">\u2026 Nem eu!<\/p>\n<\/div>\n<\/div>\n<\/div><\/div><\/div><\/div><\/div><\/div><div id=\"pg-7897-8\"  class=\"panel-grid panel-has-style\" ><div class=\"siteorigin-panels-stretch panel-row-style panel-row-style-for-7897-8\" data-stretch-type=\"full-stretched\" ><div id=\"pgc-7897-8-0\"  class=\"panel-grid-cell\" ><div id=\"panel-7897-8-0-0\" class=\"so-panel widget widget_sow-editor panel-first-child panel-last-child\" data-index=\"13\" ><div class=\"panel-widget-style panel-widget-style-for-7897-8-0-0\" ><div\n\t\t\t\n\t\t\tclass=\"so-widget-sow-editor so-widget-sow-editor-base\"\n\t\t\t\n\t\t>\n<div class=\"siteorigin-widget-tinymce textwidget\">\n\t<h2 style=\"text-align: center;\"><span style=\"color: #ffffff;\"><strong>Samba Enredo<\/strong><\/span><\/h2>\n<\/div>\n<\/div><\/div><\/div><\/div><\/div><\/div><div id=\"pg-7897-9\"  class=\"panel-grid panel-has-style\" ><div class=\"siteorigin-panels-stretch panel-row-style panel-row-style-for-7897-9\" data-stretch-type=\"full-stretched\" ><div id=\"pgc-7897-9-0\"  class=\"panel-grid-cell panel-grid-cell-empty\" ><\/div><div id=\"pgc-7897-9-1\"  class=\"panel-grid-cell panel-grid-cell-mobile-last\" ><div id=\"panel-7897-9-1-0\" class=\"so-panel widget widget_sow-editor panel-first-child\" data-index=\"14\" ><div class=\"panel-widget-style panel-widget-style-for-7897-9-1-0\" ><div\n\t\t\t\n\t\t\tclass=\"so-widget-sow-editor so-widget-sow-editor-base\"\n\t\t\t\n\t\t>\n<div class=\"siteorigin-widget-tinymce textwidget\">\n\t<div style=\"overflow: auto; padding: 10px;\">\n<h3 style=\"text-align: center;\"><span style=\"color: #003366;\"><strong>Compositores<\/strong><\/span><\/h3>\n<h3 style=\"text-align: center;\">---<\/h3>\n<h3 style=\"text-align: center;\"><span style=\"color: #003366;\"><strong>Int\u00e9rprete<\/strong><\/span><\/h3>\n<h3 style=\"text-align: center;\">---<\/h3>\n<hr \/>\n<\/div>\n<\/div>\n<\/div><\/div><\/div><div id=\"panel-7897-9-1-1\" class=\"widget_text so-panel widget widget_custom_html\" data-index=\"15\" ><div class=\"widget_text panel-widget-style panel-widget-style-for-7897-9-1-1\" ><div class=\"textwidget custom-html-widget\"><\/div><\/div><\/div><div id=\"panel-7897-9-1-2\" class=\"so-panel widget widget_sow-editor panel-last-child\" data-index=\"16\" ><div class=\"panel-widget-style panel-widget-style-for-7897-9-1-2\" ><div\n\t\t\t\n\t\t\tclass=\"so-widget-sow-editor so-widget-sow-editor-base\"\n\t\t\t\n\t\t>\n<div class=\"siteorigin-widget-tinymce textwidget\">\n\t<div>\n<h4 style=\"text-align: center;\"><span style=\"color: #003366;\"><strong>LETRA DO SAMBA ENREDO<\/strong><\/span><\/h4>\n<p style=\"text-align: center; color: #003366;\"><strong>---<\/strong><\/p>\n<p style=\"text-align: center; color: #003366;\">---<\/p>\n<p style=\"text-align: center; color: #003366;\"><strong>---<\/strong><\/p>\n<\/div>\n<\/div>\n<\/div><\/div><\/div><\/div><div id=\"pgc-7897-9-2\"  class=\"panel-grid-cell panel-grid-cell-empty\" ><\/div><\/div><\/div><\/div>","protected":false},"excerpt":{"rendered":"<p>Falc\u00f5es da Serra Ficha T\u00e9cnica: Presidente: Murilo Duarte Carnavalesco: Airton Barbosa Int\u00e9rpretes: Carlos Junior e Douglinhas Aguiar Autores do Enredo: Humberto Mansur &#8220;Uma cidade que&hellip;<\/p>\n","protected":false},"author":78,"featured_media":8082,"parent":6319,"menu_order":0,"comment_status":"closed","ping_status":"closed","template":"","meta":{"footnotes":""},"_links":{"self":[{"href":"https:\/\/www.liesv.com.br\/site\/wp-json\/wp\/v2\/pages\/7897"}],"collection":[{"href":"https:\/\/www.liesv.com.br\/site\/wp-json\/wp\/v2\/pages"}],"about":[{"href":"https:\/\/www.liesv.com.br\/site\/wp-json\/wp\/v2\/types\/page"}],"author":[{"embeddable":true,"href":"https:\/\/www.liesv.com.br\/site\/wp-json\/wp\/v2\/users\/78"}],"replies":[{"embeddable":true,"href":"https:\/\/www.liesv.com.br\/site\/wp-json\/wp\/v2\/comments?post=7897"}],"version-history":[{"count":16,"href":"https:\/\/www.liesv.com.br\/site\/wp-json\/wp\/v2\/pages\/7897\/revisions"}],"predecessor-version":[{"id":8187,"href":"https:\/\/www.liesv.com.br\/site\/wp-json\/wp\/v2\/pages\/7897\/revisions\/8187"}],"up":[{"embeddable":true,"href":"https:\/\/www.liesv.com.br\/site\/wp-json\/wp\/v2\/pages\/6319"}],"wp:featuredmedia":[{"embeddable":true,"href":"https:\/\/www.liesv.com.br\/site\/wp-json\/wp\/v2\/media\/8082"}],"wp:attachment":[{"href":"https:\/\/www.liesv.com.br\/site\/wp-json\/wp\/v2\/media?parent=7897"}],"curies":[{"name":"wp","href":"https:\/\/api.w.org\/{rel}","templated":true}]}}