{"id":8114,"date":"2021-01-05T00:54:26","date_gmt":"2021-01-05T03:54:26","guid":{"rendered":"http:\/\/www.liesv.com.br\/site\/?page_id=8114"},"modified":"2021-01-17T12:04:02","modified_gmt":"2021-01-17T15:04:02","slug":"ano-2021-edicao-especial","status":"publish","type":"page","link":"https:\/\/www.liesv.com.br\/site\/carnaval-virtual\/escolas-de-samba\/paginas\/oba-oba\/ano-2021-edicao-especial\/","title":{"rendered":"2021 &#8211; Edi\u00e7\u00e3o Especial &#8211; Oba Oba"},"content":{"rendered":"<div id=\"pl-8114\"  class=\"panel-layout\" ><div id=\"pg-8114-0\"  class=\"panel-grid panel-has-style\" ><div class=\"siteorigin-panels-stretch panel-row-style panel-row-style-for-8114-0\" data-stretch-type=\"full-stretched\" ><div id=\"pgc-8114-0-0\"  class=\"panel-grid-cell panel-grid-cell-empty\" ><\/div><div id=\"pgc-8114-0-1\"  class=\"panel-grid-cell panel-grid-cell-mobile-last\" ><div id=\"panel-8114-0-1-0\" class=\"so-panel widget widget_sow-image panel-first-child panel-last-child\" data-index=\"0\" ><div class=\"panel-widget-style panel-widget-style-for-8114-0-1-0\" ><div\n\t\t\t\n\t\t\tclass=\"so-widget-sow-image so-widget-sow-image-default-c67d20f9f743-8114\"\n\t\t\t\n\t\t>\n<div class=\"sow-image-container\">\n\t\t<img \n\tsrc=\"https:\/\/www.liesv.com.br\/site\/wp-content\/uploads\/2020\/12\/carnaval2021-texto.fw_.png\" width=\"900\" height=\"100\" srcset=\"https:\/\/www.liesv.com.br\/site\/wp-content\/uploads\/2020\/12\/carnaval2021-texto.fw_.png 900w, https:\/\/www.liesv.com.br\/site\/wp-content\/uploads\/2020\/12\/carnaval2021-texto.fw_-300x33.png 300w, https:\/\/www.liesv.com.br\/site\/wp-content\/uploads\/2020\/12\/carnaval2021-texto.fw_-768x85.png 768w\" sizes=\"(max-width: 900px) 100vw, 900px\" title=\"carnaval2021-texto.fw\" alt=\"\" \t\tclass=\"so-widget-image\"\/>\n\t<\/div>\n\n<\/div><\/div><\/div><\/div><div id=\"pgc-8114-0-2\"  class=\"panel-grid-cell panel-grid-cell-empty\" ><\/div><\/div><\/div><div id=\"pg-8114-1\"  class=\"panel-grid panel-has-style\" ><div class=\"siteorigin-panels-stretch panel-row-style panel-row-style-for-8114-1\" data-stretch-type=\"full-stretched\" ><div id=\"pgc-8114-1-0\"  class=\"panel-grid-cell\" ><div id=\"panel-8114-1-0-0\" class=\"so-panel widget widget_sow-image panel-first-child panel-last-child\" data-index=\"1\" ><div class=\"panel-widget-style panel-widget-style-for-8114-1-0-0\" ><div\n\t\t\t\n\t\t\tclass=\"so-widget-sow-image so-widget-sow-image-default-a258e6bfa2d8-8114\"\n\t\t\t\n\t\t>\n<div class=\"sow-image-container\">\n\t\t<img \n\tsrc=\"https:\/\/www.liesv.com.br\/site\/wp-content\/uploads\/2018\/10\/linha.fw_-1.png\" width=\"1040\" height=\"20\" srcset=\"https:\/\/www.liesv.com.br\/site\/wp-content\/uploads\/2018\/10\/linha.fw_-1.png 1040w, https:\/\/www.liesv.com.br\/site\/wp-content\/uploads\/2018\/10\/linha.fw_-1-300x6.png 300w, https:\/\/www.liesv.com.br\/site\/wp-content\/uploads\/2018\/10\/linha.fw_-1-768x15.png 768w, https:\/\/www.liesv.com.br\/site\/wp-content\/uploads\/2018\/10\/linha.fw_-1-1024x20.png 1024w\" sizes=\"(max-width: 1040px) 100vw, 1040px\" title=\"linha.fw\" alt=\"\" \t\tclass=\"so-widget-image\"\/>\n\t<\/div>\n\n<\/div><\/div><\/div><\/div><\/div><\/div><div id=\"pg-8114-2\"  class=\"panel-grid panel-has-style\" ><div class=\"siteorigin-panels-stretch panel-row-style panel-row-style-for-8114-2\" data-stretch-type=\"full-stretched\" ><div id=\"pgc-8114-2-0\"  class=\"panel-grid-cell\" ><div id=\"panel-8114-2-0-0\" class=\"so-panel widget widget_sow-image panel-first-child panel-last-child\" data-index=\"2\" ><div class=\"panel-widget-style panel-widget-style-for-8114-2-0-0\" ><div\n\t\t\t\n\t\t\tclass=\"so-widget-sow-image so-widget-sow-image-default-113ccd71f3e6-8114\"\n\t\t\t\n\t\t>\n<div class=\"sow-image-container\">\n\t\t<img \n\tsrc=\"https:\/\/www.liesv.com.br\/site\/wp-content\/uploads\/2020\/12\/Oba-Oba.fw_.png\" width=\"550\" height=\"370\" srcset=\"https:\/\/www.liesv.com.br\/site\/wp-content\/uploads\/2020\/12\/Oba-Oba.fw_.png 550w, https:\/\/www.liesv.com.br\/site\/wp-content\/uploads\/2020\/12\/Oba-Oba.fw_-300x202.png 300w, https:\/\/www.liesv.com.br\/site\/wp-content\/uploads\/2020\/12\/Oba-Oba.fw_-272x182.png 272w\" sizes=\"(max-width: 550px) 100vw, 550px\" title=\"Oba Oba.fw\" alt=\"\" \t\tclass=\"so-widget-image\"\/>\n\t<\/div>\n\n<\/div><\/div><\/div><\/div><div id=\"pgc-8114-2-1\"  class=\"panel-grid-cell\" ><div id=\"panel-8114-2-1-0\" class=\"so-panel widget widget_sow-editor panel-first-child panel-last-child\" data-index=\"3\" ><div\n\t\t\t\n\t\t\tclass=\"so-widget-sow-editor so-widget-sow-editor-base\"\n\t\t\t\n\t\t>\n<div class=\"siteorigin-widget-tinymce textwidget\">\n\t<div style=\"width: 100%; margin-top: 10px; padding: 15px;\">\n<div style=\"width: 100%;\">\n<h1 style=\"text-align: center;\"><span style=\"color: #000000; font-family: Arial;\"><strong>Oba Oba<br \/>\n<\/strong><\/span><\/h1>\n<h2><span style=\"color: #003366; font-family: Arial;\"><strong>Ficha T\u00e9cnica:<br \/>\n<\/strong><\/span><\/h2>\n<h3><strong>Presidente: <\/strong>Cleyton Albuquerque<\/h3>\n<h3><strong>Carnavalesco:<\/strong> Ricardinho e Fabio Parra<\/h3>\n<h3><strong>Int\u00e9rprete:<\/strong> Nen\u00ea Santos - Tigan\u00e1<\/h3>\n<h3><strong>Autores do Enredo:<\/strong> Pedrinho, Mestre Banha, Marrom<\/h3>\n<\/div>\n<\/div>\n<\/div>\n<\/div><\/div><\/div><\/div><\/div><div id=\"pg-8114-3\"  class=\"panel-grid panel-has-style\" ><div class=\"siteorigin-panels-stretch panel-row-style panel-row-style-for-8114-3\" data-stretch-type=\"full-stretched\" ><div id=\"pgc-8114-3-0\"  class=\"panel-grid-cell\" ><div id=\"panel-8114-3-0-0\" class=\"so-panel widget widget_sow-editor panel-first-child panel-last-child\" data-index=\"4\" ><div\n\t\t\t\n\t\t\tclass=\"so-widget-sow-editor so-widget-sow-editor-base\"\n\t\t\t\n\t\t>\n<div class=\"siteorigin-widget-tinymce textwidget\">\n\t<div style=\"width: 100%; margin-top: 10px; padding: 15px;\">\n<div style=\"width: 100%;\">\n<h1 style=\"text-align: center;\"><span style=\"color: #4c0066; font-family: Arial;\"><strong>\"A Lenda Iemanj\u00e1\"<\/strong><\/span><\/h1>\n<\/div>\n<\/div>\n<\/div>\n<\/div><\/div><\/div><\/div><\/div><div id=\"pg-8114-4\"  class=\"panel-grid panel-has-style\" ><div class=\"siteorigin-panels-stretch panel-row-style panel-row-style-for-8114-4\" data-stretch-type=\"full-stretched\" ><div id=\"pgc-8114-4-0\"  class=\"panel-grid-cell\" ><div id=\"panel-8114-4-0-0\" class=\"so-panel widget widget_sow-editor panel-first-child panel-last-child\" data-index=\"5\" ><div class=\"panel-widget-style panel-widget-style-for-8114-4-0-0\" ><div\n\t\t\t\n\t\t\tclass=\"so-widget-sow-editor so-widget-sow-editor-base\"\n\t\t\t\n\t\t>\n<div class=\"siteorigin-widget-tinymce textwidget\">\n\t<h4 style=\"text-align: left; color: #535362;\"><strong>O Desfile<\/strong><\/h4>\n<h4 style=\"text-align: left; color: #0059ab;\"><strong>-- alas | -- Alegorias | -- Casal de Mestre Sala e Porta Bandeira<br \/>\n<\/strong><\/h4>\n<\/div>\n<\/div><\/div><\/div><\/div><div id=\"pgc-8114-4-1\"  class=\"panel-grid-cell\" ><div id=\"panel-8114-4-1-0\" class=\"so-panel widget widget_sow-editor panel-first-child panel-last-child\" data-index=\"6\" ><div class=\"panel-widget-style panel-widget-style-for-8114-4-1-0\" ><div\n\t\t\t\n\t\t\tclass=\"so-widget-sow-editor so-widget-sow-editor-base\"\n\t\t\t\n\t\t>\n<div class=\"siteorigin-widget-tinymce textwidget\">\n\t<h4 style=\"color: #535362; text-align: center;\"><strong>Ordem do Desfile (Grupo ---)<\/strong><\/h4>\n<h4 style=\"color: #0059ab; text-align: center;\"><strong>--\u00ba escola a desfilar (---)<br \/>\n<\/strong><\/h4>\n<\/div>\n<\/div><\/div><\/div><\/div><div id=\"pgc-8114-4-2\"  class=\"panel-grid-cell\" ><div id=\"panel-8114-4-2-0\" class=\"so-panel widget widget_sow-editor panel-first-child panel-last-child\" data-index=\"7\" ><div\n\t\t\t\n\t\t\tclass=\"so-widget-sow-editor so-widget-sow-editor-base\"\n\t\t\t\n\t\t>\n<div class=\"siteorigin-widget-tinymce textwidget\">\n\t<h4 style=\"text-align: center; color: #535362;\"><strong>Classifica\u00e7\u00e3o<\/strong><\/h4>\n<h4 style=\"text-align: center; color: #a64545;\"><strong>--<br \/>\n<\/strong><\/h4>\n<\/div>\n<\/div><\/div><\/div><div id=\"pgc-8114-4-3\"  class=\"panel-grid-cell\" ><div id=\"panel-8114-4-3-0\" class=\"so-panel widget widget_sow-button panel-first-child panel-last-child\" data-index=\"8\" ><div\n\t\t\t\n\t\t\tclass=\"so-widget-sow-button so-widget-sow-button-flat-4fc118220f6c-8114\"\n\t\t\t\n\t\t><div class=\"ow-button-base ow-button-align-center\"\n>\n\t\t\t<a\n\t\t\t\tclass=\"sowb-button ow-icon-placement-left ow-button-hover\" target=\"_blank\" rel=\"noopener noreferrer\" \t>\n\t\t<span>\n\t\t\t<span class=\"sow-icon-icomoon\" data-sow-icon=\"&#xe914;\"\n\t\tstyle=\"\" \n\t\taria-hidden=\"true\"><\/span>\n\t\t\tVer Desfile\t\t<\/span>\n\t\t\t<\/a>\n\t<\/div>\n<\/div><\/div><\/div><\/div><\/div><div id=\"pg-8114-5\"  class=\"panel-grid panel-has-style\" ><div class=\"siteorigin-panels-stretch panel-row-style panel-row-style-for-8114-5\" data-stretch-type=\"full-stretched\" ><div id=\"pgc-8114-5-0\"  class=\"panel-grid-cell\" ><div id=\"panel-8114-5-0-0\" class=\"so-panel widget widget_sow-image panel-first-child panel-last-child\" data-index=\"9\" ><div class=\"panel-widget-style panel-widget-style-for-8114-5-0-0\" ><div\n\t\t\t\n\t\t\tclass=\"so-widget-sow-image so-widget-sow-image-default-a258e6bfa2d8-8114\"\n\t\t\t\n\t\t>\n<div class=\"sow-image-container\">\n\t\t<img \n\tsrc=\"https:\/\/www.liesv.com.br\/site\/wp-content\/uploads\/2018\/10\/linha.fw_-1.png\" width=\"1040\" height=\"20\" srcset=\"https:\/\/www.liesv.com.br\/site\/wp-content\/uploads\/2018\/10\/linha.fw_-1.png 1040w, https:\/\/www.liesv.com.br\/site\/wp-content\/uploads\/2018\/10\/linha.fw_-1-300x6.png 300w, https:\/\/www.liesv.com.br\/site\/wp-content\/uploads\/2018\/10\/linha.fw_-1-768x15.png 768w, https:\/\/www.liesv.com.br\/site\/wp-content\/uploads\/2018\/10\/linha.fw_-1-1024x20.png 1024w\" sizes=\"(max-width: 1040px) 100vw, 1040px\" title=\"linha.fw\" alt=\"\" \t\tclass=\"so-widget-image\"\/>\n\t<\/div>\n\n<\/div><\/div><\/div><\/div><\/div><\/div><div id=\"pg-8114-6\"  class=\"panel-grid panel-has-style\" ><div class=\"siteorigin-panels-stretch panel-row-style panel-row-style-for-8114-6\" data-stretch-type=\"full-stretched\" ><div id=\"pgc-8114-6-0\"  class=\"panel-grid-cell\" ><div id=\"panel-8114-6-0-0\" class=\"so-panel widget widget_sow-editor panel-first-child panel-last-child\" data-index=\"10\" ><div class=\"panel-widget-style panel-widget-style-for-8114-6-0-0\" ><div\n\t\t\t\n\t\t\tclass=\"so-widget-sow-editor so-widget-sow-editor-base\"\n\t\t\t\n\t\t>\n<div class=\"siteorigin-widget-tinymce textwidget\">\n\t<h2 style=\"text-align: center;\"><span style=\"color: #ffffff;\"><strong>Sinopse<\/strong><\/span><\/h2>\n<\/div>\n<\/div><\/div><\/div><\/div><\/div><\/div><div id=\"pg-8114-7\"  class=\"panel-grid panel-has-style\" ><div class=\"siteorigin-panels-stretch panel-row-style panel-row-style-for-8114-7\" data-stretch-type=\"full-stretched\" ><div id=\"pgc-8114-7-0\"  class=\"panel-grid-cell\" ><div id=\"panel-8114-7-0-0\" class=\"so-panel widget widget_sow-image panel-first-child panel-last-child\" data-index=\"11\" ><div class=\"panel-widget-style panel-widget-style-for-8114-7-0-0\" ><div\n\t\t\t\n\t\t\tclass=\"so-widget-sow-image so-widget-sow-image-default-113ccd71f3e6-8114\"\n\t\t\t\n\t\t><\/div><\/div><\/div><\/div><div id=\"pgc-8114-7-1\"  class=\"panel-grid-cell\" ><div id=\"panel-8114-7-1-0\" class=\"so-panel widget widget_sow-editor panel-first-child panel-last-child\" data-index=\"12\" ><div class=\"panel-widget-style panel-widget-style-for-8114-7-1-0\" ><div\n\t\t\t\n\t\t\tclass=\"so-widget-sow-editor so-widget-sow-editor-base\"\n\t\t\t\n\t\t>\n<div class=\"siteorigin-widget-tinymce textwidget\">\n\t<div style=\"overflow: auto; height: 800px; padding: 20px;\">\n<p><span style=\"color: #003366;\"><strong>Autores:<\/strong> Pedrinho, Mestre Banha, Marrom<\/span><\/p>\n<p><span style=\"color: #003366;\"><strong>Carnavalesco:<\/strong>\u00a0Ricardinho<\/span><\/p>\n<h2 style=\"text-align: center;\"><span style=\"color: #003366;\"><strong>A Lenda Iemanj\u00e1<br \/>\n<\/strong><\/span><\/h2>\n<p><span style=\"color: #003366;\"><strong>Sinopse:<\/strong><\/span><\/p>\n<p style=\"color: #003366;\">Uma hist\u00f3ria que d\u00e1 inicio a cria\u00e7\u00e3o do mundo mundo com os Orix\u00e1s Funfun, Odudua e Obatala, assim dando origem a paix\u00e3o de Dois outros Orix\u00e1s Ob\u00e1 Aganju e Iya Iyemanja ou Yemoj\u00e1.<\/p>\n<p style=\"color: #003366;\">De um amor que surge uma uni\u00e3o e d\u00e1 fruto, o nascimento de Orug\u00e3 filho de grandes qualidades cuja nasce um amor plat\u00f4nico e encesto pela pr\u00f3pria m\u00e3e.<\/p>\n<p style=\"color: #003366;\">Um amor obsessivo que causam atribula\u00e7\u00f5es no relacionamento entre m\u00e3e e filho que acontece o pior,a tentativa de um ato abusivo e violento seguindo com persegui\u00e7\u00e3o e conflitos ap\u00f3s a presen\u00e7a do Ob\u00e1 Aganju rei de Oi\u00f3 terra e que eles viviam.<br \/>\nO \u00fanico meio de se libertar dessa lastim\u00e1vel situa\u00e7\u00e3o foi fugir e pedir prote\u00e7\u00e3o aos criadores da terra.<\/p>\n<p style=\"color: #003366;\">J\u00e1 em um sofrimento arrebatador Iyemanja consegue fugir, e passa por evolu\u00e7\u00f5es.<\/p>\n<p style=\"color: #003366;\">Iyemanja filha de Olokun o o senhor e \u00fanico rei dos mares tamb\u00e9m possu\u00ed o dom\u00ednio das \u00e1guas e suas diversidades,seu feitos come\u00e7am a sugir na terra ap\u00f3s seus seios crescerem absurdamente criando ciclos e nascentes de rios de des\u00e1guam sobre o mar a tornando a matriarca de v\u00e1rias divindades e Deuses que se tornariam muito importantes para o desenvolvimento da terra atrav\u00e9s dos elementos naturais,constituindo uma nova gera\u00e7\u00e3o de filhos que se tornariam reis e rainhas.<\/p>\n<p style=\"color: #003366;\">Xang\u00f4, Oxum , Og\u00fan, Exu , Oxossi e entre outros deuses que formariam o Xire dos Orix\u00e1s.<\/p>\n<\/div>\n<\/div>\n<\/div><\/div><\/div><\/div><\/div><\/div><div id=\"pg-8114-8\"  class=\"panel-grid panel-has-style\" ><div class=\"siteorigin-panels-stretch panel-row-style panel-row-style-for-8114-8\" data-stretch-type=\"full-stretched\" ><div id=\"pgc-8114-8-0\"  class=\"panel-grid-cell\" ><div id=\"panel-8114-8-0-0\" class=\"so-panel widget widget_sow-editor panel-first-child panel-last-child\" data-index=\"13\" ><div class=\"panel-widget-style panel-widget-style-for-8114-8-0-0\" ><div\n\t\t\t\n\t\t\tclass=\"so-widget-sow-editor so-widget-sow-editor-base\"\n\t\t\t\n\t\t>\n<div class=\"siteorigin-widget-tinymce textwidget\">\n\t<h2 style=\"text-align: center;\"><span style=\"color: #ffffff;\"><strong>Samba Enredo<\/strong><\/span><\/h2>\n<\/div>\n<\/div><\/div><\/div><\/div><\/div><\/div><div id=\"pg-8114-9\"  class=\"panel-grid panel-has-style\" ><div class=\"siteorigin-panels-stretch panel-row-style panel-row-style-for-8114-9\" data-stretch-type=\"full-stretched\" ><div id=\"pgc-8114-9-0\"  class=\"panel-grid-cell panel-grid-cell-empty\" ><\/div><div id=\"pgc-8114-9-1\"  class=\"panel-grid-cell panel-grid-cell-mobile-last\" ><div id=\"panel-8114-9-1-0\" class=\"so-panel widget widget_sow-editor panel-first-child\" data-index=\"14\" ><div class=\"panel-widget-style panel-widget-style-for-8114-9-1-0\" ><div\n\t\t\t\n\t\t\tclass=\"so-widget-sow-editor so-widget-sow-editor-base\"\n\t\t\t\n\t\t>\n<div class=\"siteorigin-widget-tinymce textwidget\">\n\t<div style=\"overflow: auto; padding: 10px;\">\n<h3 style=\"text-align: center;\"><span style=\"color: #003366;\"><strong>Compositores<\/strong><\/span><\/h3>\n<h3 style=\"text-align: center;\">---<\/h3>\n<h3 style=\"text-align: center;\"><span style=\"color: #003366;\"><strong>Int\u00e9rprete<\/strong><\/span><\/h3>\n<h3 style=\"text-align: center;\">---<\/h3>\n<hr \/>\n<\/div>\n<\/div>\n<\/div><\/div><\/div><div id=\"panel-8114-9-1-1\" class=\"widget_text so-panel widget widget_custom_html\" data-index=\"15\" ><div class=\"widget_text panel-widget-style panel-widget-style-for-8114-9-1-1\" ><div class=\"textwidget custom-html-widget\"><\/div><\/div><\/div><div id=\"panel-8114-9-1-2\" class=\"so-panel widget widget_sow-editor panel-last-child\" data-index=\"16\" ><div class=\"panel-widget-style panel-widget-style-for-8114-9-1-2\" ><div\n\t\t\t\n\t\t\tclass=\"so-widget-sow-editor so-widget-sow-editor-base\"\n\t\t\t\n\t\t>\n<div class=\"siteorigin-widget-tinymce textwidget\">\n\t<div>\n<h4 style=\"text-align: center;\"><span style=\"color: #003366;\"><strong>LETRA DO SAMBA ENREDO<\/strong><\/span><\/h4>\n<p style=\"text-align: center; color: #003366;\"><strong>---<\/strong><\/p>\n<p style=\"text-align: center; color: #003366;\">---<\/p>\n<p style=\"text-align: center; color: #003366;\"><strong>---<\/strong><\/p>\n<\/div>\n<\/div>\n<\/div><\/div><\/div><\/div><div id=\"pgc-8114-9-2\"  class=\"panel-grid-cell panel-grid-cell-empty\" ><\/div><\/div><\/div><\/div>","protected":false},"excerpt":{"rendered":"<p>Oba Oba Ficha T\u00e9cnica: Presidente: Cleyton Albuquerque Carnavalesco: Ricardinho e Fabio Parra Int\u00e9rprete: Nen\u00ea Santos &#8211; Tigan\u00e1 Autores do Enredo: Pedrinho, Mestre Banha, Marrom &#8220;A&hellip;<\/p>\n","protected":false},"author":4,"featured_media":0,"parent":7091,"menu_order":0,"comment_status":"closed","ping_status":"closed","template":"","meta":{"footnotes":""},"_links":{"self":[{"href":"https:\/\/www.liesv.com.br\/site\/wp-json\/wp\/v2\/pages\/8114"}],"collection":[{"href":"https:\/\/www.liesv.com.br\/site\/wp-json\/wp\/v2\/pages"}],"about":[{"href":"https:\/\/www.liesv.com.br\/site\/wp-json\/wp\/v2\/types\/page"}],"author":[{"embeddable":true,"href":"https:\/\/www.liesv.com.br\/site\/wp-json\/wp\/v2\/users\/4"}],"replies":[{"embeddable":true,"href":"https:\/\/www.liesv.com.br\/site\/wp-json\/wp\/v2\/comments?post=8114"}],"version-history":[{"count":10,"href":"https:\/\/www.liesv.com.br\/site\/wp-json\/wp\/v2\/pages\/8114\/revisions"}],"predecessor-version":[{"id":8220,"href":"https:\/\/www.liesv.com.br\/site\/wp-json\/wp\/v2\/pages\/8114\/revisions\/8220"}],"up":[{"embeddable":true,"href":"https:\/\/www.liesv.com.br\/site\/wp-json\/wp\/v2\/pages\/7091"}],"wp:attachment":[{"href":"https:\/\/www.liesv.com.br\/site\/wp-json\/wp\/v2\/media?parent=8114"}],"curies":[{"name":"wp","href":"https:\/\/api.w.org\/{rel}","templated":true}]}}